{"id":1153,"date":"2013-03-01T16:23:06","date_gmt":"2013-03-01T21:23:06","guid":{"rendered":"https:\/\/clublacbrome.com\/?page_id=1153"},"modified":"2013-03-11T20:13:15","modified_gmt":"2013-03-12T00:13:15","slug":"politique-de-confidentialite","status":"publish","type":"page","link":"https:\/\/clublacbrome.com\/fr\/politique-de-confidentialite\/","title":{"rendered":"Politique de confidentialit\u00e9"},"content":{"rendered":"<p><b style=\"line-height: 1.714285714; font-size: 1rem;\" data-mce-style=\"line-height: 1.714285714; font-size: 1rem;\">La protection de vos renseignements confidentiels est tr\u00e8s importante pour nous<\/b><span style=\"line-height: 1.714285714; font-size: 1rem;\" data-mce-style=\"line-height: 1.714285714; font-size: 1rem;\">. Nous tenons donc \u00e0 vous expliquer quand et pourquoi le Club nautique du lac Brome (CNLB)&nbsp;recueille des donn\u00e9es qui peuvent vous identifier et comment elles peuvent \u00eatre utilis\u00e9es. La pr\u00e9sente Politique de confidentialit\u00e9 d\u00e9crit la m\u00e9thode par laquelle nous effectuons la cueillette de donn\u00e9es et nos politiques en ce qui concerne leur utilisation. Veuillez lire la Politique de confidentialit\u00e9 int\u00e9gralement avant de nous fournir des renseignements identificatoires.<\/span><\/p>\n<p><b>Avis<\/b><\/p>\n<p>Le CNLB recueille des renseignements identificatoires, dont votre nom, votre adresse, votre num\u00e9ro de t\u00e9l\u00e9phone et votre adresse de courrier \u00e9lectronique, lorsque ces renseignements sont fournis volontairement par vous. Les renseignements fournis volontairement sont utilis\u00e9s \u00e0 des fins de communication. Nous pourrions utiliser votre nom, votre adresse ou votre adresse de courrier \u00e9lectronique pour vous transmettre les annonces et des factures, \u00e0 moins d&#8217;indication contraire de votre part.<\/p>\n<p>Notre politique consiste \u00e0 ne pas louer vos donn\u00e9es identificatoires \u00e0 des tiers, ni les vendre, ni en permettre l&#8217;acc\u00e8s. Sous r\u00e9serve de prescriptions contraires aux pr\u00e9sentes, nous ne transmettrons pas vos donn\u00e9es identificatoires \u00e0 moins d&#8217;en \u00eatre astreint par la loi ou si nous croyons de bonne foi que cette mesure est n\u00e9cessaire dans le but de (1) respecter les d\u00e9cisions d&#8217;un tribunal comp\u00e9tent, ou (2) prot\u00e9ger ou d\u00e9fendre les droits ou les biens du CNLB.<\/p>\n<p><b>Choix<\/b><\/p>\n<p>Nous pourrions entrer en contact avec vous ou vous faire parvenir de l&#8217;information, \u00e0 moins d&#8217;indication de votre part que vous ne d\u00e9sirez pas recevoir cette information. Si vous ne d\u00e9sirez pas recevoir d&#8217;avis par courrier \u00e9lectronique ou par la poste concernant nos logiciels, nos services ou les \u00e9v\u00e9nements \u00e0 venir, veuillez nous l&#8217;indiquer par courrier \u00e9lectronique, \u00e0 l&#8217;adresse info@clublacbrome.com. Veuillez inclure votre nom, votre adresse et une description du message ou du document que vous avez re\u00e7u. Nous userons de moyens raisonnables pour respecter vos pr\u00e9f\u00e9rences.<\/p>\n<p>Si vous d\u00e9sirez faire corriger les renseignements personnels qui vous concernent, vous n&#8217;avez qu&#8217;\u00e0 nous faire parvenir un message \u00e0 l&#8217;adresse&nbsp;info@clublacbrome.com.<\/p>\n<p><b>S\u00e9curit\u00e9<\/b><\/p>\n<p>Le CNLB exercera une diligence raisonnable dans la protection de vos donn\u00e9es identificatoires, afin de les mettre \u00e0 l&#8217;abri de tout acc\u00e8s, toute utilisation ou toute divulgation non autoris\u00e9s.<\/p>\n<p><b>Mise \u00e0 ex\u00e9cution<\/b><\/p>\n<p>Si, pour quelque raison, vous estimez que le CNLB n&#8217;a pas respect\u00e9 les principes \u00e9nonc\u00e9s aux pr\u00e9sentes, veuillez nous en aviser (transmettez votre message \u00e0&nbsp;info@clublacbrome.com). Nous nous empresserons d&#8217;examiner la situation, de corriger tout probl\u00e8me et de vous aviser des mesures que nous avons prises. Veuillez indiquer \u00abPolitique de confidentialit\u00e9\u00bb comme objet de votre message.<\/p>\n<p>&nbsp;<\/p>\n","protected":false},"excerpt":{"rendered":"<p>La protection de vos renseignements confidentiels est tr\u00e8s importante pour nous. Nous tenons donc \u00e0 vous expliquer quand et pourquoi le Club nautique du lac Brome (CNLB)&nbsp;recueille des donn\u00e9es qui [&hellip;]<\/p>\n","protected":false},"author":3,"featured_media":0,"parent":0,"menu_order":0,"comment_status":"closed","ping_status":"closed","template":"","meta":{"footnotes":""},"class_list":["post-1153","page","type-page","status-publish","hentry"],"_links":{"self":[{"href":"https:\/\/clublacbrome.com\/fr\/wp-json\/wp\/v2\/pages\/1153","targetHints":{"allow":["GET"]}}],"collection":[{"href":"https:\/\/clublacbrome.com\/fr\/wp-json\/wp\/v2\/pages"}],"about":[{"href":"https:\/\/clublacbrome.com\/fr\/wp-json\/wp\/v2\/types\/page"}],"author":[{"embeddable":true,"href":"https:\/\/clublacbrome.com\/fr\/wp-json\/wp\/v2\/users\/3"}],"replies":[{"embeddable":true,"href":"https:\/\/clublacbrome.com\/fr\/wp-json\/wp\/v2\/comments?post=1153"}],"version-history":[{"count":0,"href":"https:\/\/clublacbrome.com\/fr\/wp-json\/wp\/v2\/pages\/1153\/revisions"}],"wp:attachment":[{"href":"https:\/\/clublacbrome.com\/fr\/wp-json\/wp\/v2\/media?parent=1153"}],"curies":[{"name":"wp","href":"https:\/\/api.w.org\/{rel}","templated":true}]}}