{"id":1155,"date":"2013-03-01T16:24:53","date_gmt":"2013-03-01T21:24:53","guid":{"rendered":"https:\/\/clublacbrome.com\/?page_id=1155"},"modified":"2013-03-11T20:30:04","modified_gmt":"2013-03-12T00:30:04","slug":"politique-relative-aux-pourriels","status":"publish","type":"page","link":"https:\/\/clublacbrome.com\/fr\/politique-relative-aux-pourriels\/","title":{"rendered":"Politique relative aux pourriels"},"content":{"rendered":"<p><span style=\"line-height: 1.714285714; font-size: 1rem;\">Le Club  Club nautique du lac Brome (CNLB) a comme politique de ne pas autoriser l&#8217;utilisation de son domaine pour l&#8217;envoi de pourriels.<\/span><\/p>\n<p>La contrefa\u00e7on de l&#8217;en-t\u00eate d&#8217;une adresse \u00e9lectronique du CNLB constitue une fraude. L&#8217;utilisation non autoris\u00e9e du domaine <b>clublacbrome.com<\/b> constitue une fraude. Le pollupostage ne sera pas tol\u00e9r\u00e9. Toute instance de pollupostage fera l&#8217;objet d&#8217;actions concr\u00e8tes.<\/p>\n<p><b>Qu&#8217;entend-on par \u00abpourriel\u00bb?<\/b><\/p>\n<p>Le terme pourriel fait r\u00e9f\u00e9rence \u00e0 la diffusion massive de courriers \u00e9lectroniques ind\u00e9sirables \u00e0 des personnes, des listes d&#8217;adresses, des adresses par pseudonyme et des archives. Ces messages sont sans int\u00e9r\u00eat pour leur destinataire et ont un contenu offensant, ill\u00e9gal ou un contenu publicitaire importun. Ces courriels sont aussi connus sous les noms de messages-r\u00e9seau, spam, pollupostage, UCE et UBE.<\/p>\n<p><b>Pourquoi adopter une politique anti-pourriel?<\/b><\/p>\n<p>Les pourriels co\u00fbtent cher et accaparent temps et ressources. Lorsqu&#8217;une entreprise envoie des annonces publicitaires par la poste, c&#8217;est elle qui assume les frais d&#8217;impression et d&#8217;exp\u00e9dition. Dans le cas des courriers \u00e9lectroniques, cependant, tous les frais sont assum\u00e9s par le destinataire, qui doit payer la connexion \u00e0 Internet.<\/p>\n<p><b>Que faire si vous recevez du pourriel de l&#8217;adresse clublacbrome.com?<\/b><\/p>\n<p>Si vous recevez du pourriel en provenance d&#8217;une adresse ayant clublacbrome.com dans l&#8217;en-t\u00eate, nous vous prions de nous en faire part en envoyant un message \u00e0 info@clublacbrome.com.<\/p>\n<p>Pour obtenir davantage de renseignements concernant les en-t\u00eates de message, veuillez vous rendre sur le site du <a href=\"http:\/\/www.cert.org\/tech_tips\/email_spoofing.html\">centre de coordination CERT<\/a> (en anglais seulement).<\/p>\n","protected":false},"excerpt":{"rendered":"<p>Le Club Club nautique du lac Brome (CNLB) a comme politique de ne pas autoriser l&#8217;utilisation de son domaine pour l&#8217;envoi de pourriels. La contrefa\u00e7on de l&#8217;en-t\u00eate d&#8217;une adresse \u00e9lectronique [&hellip;]<\/p>\n","protected":false},"author":3,"featured_media":0,"parent":0,"menu_order":0,"comment_status":"closed","ping_status":"closed","template":"","meta":{"footnotes":""},"class_list":["post-1155","page","type-page","status-publish","hentry"],"_links":{"self":[{"href":"https:\/\/clublacbrome.com\/fr\/wp-json\/wp\/v2\/pages\/1155","targetHints":{"allow":["GET"]}}],"collection":[{"href":"https:\/\/clublacbrome.com\/fr\/wp-json\/wp\/v2\/pages"}],"about":[{"href":"https:\/\/clublacbrome.com\/fr\/wp-json\/wp\/v2\/types\/page"}],"author":[{"embeddable":true,"href":"https:\/\/clublacbrome.com\/fr\/wp-json\/wp\/v2\/users\/3"}],"replies":[{"embeddable":true,"href":"https:\/\/clublacbrome.com\/fr\/wp-json\/wp\/v2\/comments?post=1155"}],"version-history":[{"count":0,"href":"https:\/\/clublacbrome.com\/fr\/wp-json\/wp\/v2\/pages\/1155\/revisions"}],"wp:attachment":[{"href":"https:\/\/clublacbrome.com\/fr\/wp-json\/wp\/v2\/media?parent=1155"}],"curies":[{"name":"wp","href":"https:\/\/api.w.org\/{rel}","templated":true}]}}