{"id":1397,"date":"2013-06-26T00:09:32","date_gmt":"2013-06-26T04:09:32","guid":{"rendered":"https:\/\/clublacbrome.com\/?page_id=1397"},"modified":"2025-11-03T11:25:36","modified_gmt":"2025-11-03T16:25:36","slug":"barbecue-du-mardi-soir","status":"publish","type":"page","link":"https:\/\/clublacbrome.com\/fr\/barbecue-du-mardi-soir\/","title":{"rendered":"BBQ du mardi soir"},"content":{"rendered":"<p>Nos incontournables barbecues familiaux du mardi soir sont l&#8217;occasion id\u00e9ale de se d\u00e9tendre avec d&#8217;autres membres et de d\u00e9guster un menu barbecue classique compos\u00e9 de hamburgers, de hot-dogs, de salades et de rafra\u00eechissements.\u00a0 <strong>Vous pouvez aussi choisir d&#8217;apporter votre propre repas.<\/strong><\/p>\n<p><a href=\"https:\/\/clublacbrome.com\/wp-content\/uploads\/2013\/06\/IMG_4567.jpg\"><img decoding=\"async\" class=\"size-medium wp-image-1356 alignleft\" src=\"https:\/\/clublacbrome.com\/wp-content\/uploads\/2013\/06\/IMG_4567-400x266.jpg\" alt=\"\" width=\"400\" height=\"266\" srcset=\"https:\/\/clublacbrome.com\/wp-content\/uploads\/2013\/06\/IMG_4567-400x266.jpg 400w, https:\/\/clublacbrome.com\/wp-content\/uploads\/2013\/06\/IMG_4567-525x350.jpg 525w, https:\/\/clublacbrome.com\/wp-content\/uploads\/2013\/06\/IMG_4567-624x416.jpg 624w, https:\/\/clublacbrome.com\/wp-content\/uploads\/2013\/06\/IMG_4567.jpg 1024w\" sizes=\"(max-width: 400px) 100vw, 400px\" \/><\/a><\/p>\n<p>Nos BBQs sont AVPB, donc apportez une belle bouteille et installez-vous pour le meilleur souper au bord de l&#8217;eau. Les membres peuvent \u00e9galement inscrire leurs invit\u00e9s lorsqu&#8217;ils r\u00e9servent pour leurs familles. Ces \u00e9v\u00e9nements se d\u00e9rouleront de 17h30 \u00e0 19h30 (c&#8217;est l&#8217;heure \u00e0 laquelle il y aura du personnel &#8211; vous pouvez arriver plus t\u00f4t ou partir un peu plus tard, mais le b\u00e2timent sera ferm\u00e9 une fois que le personnel aura fini de nettoyer).<\/p>\n<p>Le CNLB est fervent du principe z\u00e9ro d\u00e9chet.\u00a0 Pri\u00e8re de recycler et de mettre en oeuvre de simples mesures comme se servir seulement ce que vous pouvez manger, utiliser des couverts et ustensiles que vous pouvez r\u00e9utiliser au lieu de produits jetables. Vos actions sur le site peuvent avoir un impact consid\u00e9rable.<\/p>\n<div>\n<p>Pour acheter des billets pour l&#8217;un des barbecues du mardi soir de la saison, cliquez sur la cat\u00e9gorie \u00ab Club Social \u00bb dans la fen\u00eatre Amilia ci-dessous, et faites votre choix dans le calendrier. Notez que vous pouvez \u00e9galement choisir d&#8217;afficher les barbecues sous forme de liste plut\u00f4t que sur le calendrier. Les billets pour adultes et enfants sont pr\u00e9sent\u00e9s s\u00e9par\u00e9ment. <strong>Vous devez \u00eatre membre (ou membre du personnel) pour vous inscrire \u00e0 un barbecue<\/strong>. Si vous souhaitez inviter des personnes \u00e0 se joindre \u00e0 vous lors d&#8217;un barbecue, ces billets seront vendus s\u00e9par\u00e9ment &#8211; plus d&#8217;informations \u00e0 venir !<\/p>\n","protected":false},"excerpt":{"rendered":"<p>Nos incontournables barbecues familiaux du mardi soir sont l&#8217;occasion id\u00e9ale de se d\u00e9tendre avec d&#8217;autres membres et de d\u00e9guster un menu barbecue classique compos\u00e9 de hamburgers, de hot-dogs, de salades [&hellip;]<\/p>\n","protected":false},"author":3,"featured_media":0,"parent":0,"menu_order":0,"comment_status":"closed","ping_status":"closed","template":"","meta":{"footnotes":""},"class_list":["post-1397","page","type-page","status-publish","hentry"],"_links":{"self":[{"href":"https:\/\/clublacbrome.com\/fr\/wp-json\/wp\/v2\/pages\/1397","targetHints":{"allow":["GET"]}}],"collection":[{"href":"https:\/\/clublacbrome.com\/fr\/wp-json\/wp\/v2\/pages"}],"about":[{"href":"https:\/\/clublacbrome.com\/fr\/wp-json\/wp\/v2\/types\/page"}],"author":[{"embeddable":true,"href":"https:\/\/clublacbrome.com\/fr\/wp-json\/wp\/v2\/users\/3"}],"replies":[{"embeddable":true,"href":"https:\/\/clublacbrome.com\/fr\/wp-json\/wp\/v2\/comments?post=1397"}],"version-history":[{"count":8,"href":"https:\/\/clublacbrome.com\/fr\/wp-json\/wp\/v2\/pages\/1397\/revisions"}],"predecessor-version":[{"id":20186,"href":"https:\/\/clublacbrome.com\/fr\/wp-json\/wp\/v2\/pages\/1397\/revisions\/20186"}],"wp:attachment":[{"href":"https:\/\/clublacbrome.com\/fr\/wp-json\/wp\/v2\/media?parent=1397"}],"curies":[{"name":"wp","href":"https:\/\/api.w.org\/{rel}","templated":true}]}}