{"id":15496,"date":"2019-03-04T13:50:09","date_gmt":"2019-03-04T18:50:09","guid":{"rendered":"https:\/\/clublacbrome.com\/?page_id=15496"},"modified":"2019-03-04T14:10:13","modified_gmt":"2019-03-04T19:10:13","slug":"lettres-archivees","status":"publish","type":"page","link":"https:\/\/clublacbrome.com\/fr\/lettres-archivees\/","title":{"rendered":"Lettres archiv\u00e9es"},"content":{"rendered":"<h2>Mars 2018<\/h2>\n<p>Chers membres,<\/p>\n<p>L\u2019\u00e9t\u00e9 arrive dans quelques mois et nous planifions une autre excellente saison the voile, de tennis, de sports nautiques, de camps et d\u2019\u00e9v\u00e9nements sp\u00e9ciaux au Club Nautique du Lac Brome.<\/p>\n<p><strong>Nouvelles du personnel<\/strong><\/p>\n<p>L\u2019embauche de personnel est presque termin\u00e9e pour la saison 2018. \u00a0Scott Crawford reprend ses fonctions de g\u00e9rant du Club. \u00a0Nous souhaitons la bienvenue \u00e0 Maxime Fecteau du Yacht-Club Royal St-Laurent, notre nouveau chef de la voile et entra\u00eeneur de l\u2019\u00e9quipe de comp\u00e9titions de voile. \u00a0Vincent Tardif revient en tant que responsable du tennis et Timothy Quinn en tant que ma\u00eetre-nageur responsable de la plage. \u00a0La cantine sera prise en charge par Philippe Miller, un ancien membre du club. \u00a0Plusieurs employ\u00e9s reviennent pour l\u2019\u00e9t\u00e9 et de nouveaux employ\u00e9s s\u2019ajoutent au groupe.<\/p>\n<p><strong>Nouveaux programmes<\/strong><\/p>\n<p>Nous \u00e9mettrons un \u2018\u2019Manuel du membre CNLB 2018\u2019\u2019 qui pr\u00e9sente les services offerts aux membres ainsi que les politiques et proc\u00e9dures du club. En attendant, assurez-vous de consulter notre site internet\u00a0<a href=\"http:\/\/www.clublacbrome.com\/fr\/\" target=\"_blank\" rel=\"noopener\">www.clublacbrome.com<\/a>.<\/p>\n<p>\u00c0 la demande g\u00e9n\u00e9rale, nous aurons, cet \u00e9t\u00e9, un programme de cano\u00eb et de surfs \u00e0 pagaies. \u00a0Des cours priv\u00e9s seront disponibles pour nos membres et leurs invit\u00e9s. \u00a0La pratique du cano\u00eb sera introduite \u00e0 l\u2019essai dans le programme du camp de jour.<\/p>\n<p>Le Club devra faire l\u2019achat de nouveau cano\u00ebs, pagaies et planche ou surfs \u00e0 pagaies pour la saison. \u00a0Vous aurez l\u2019occasion en offrant une contribution de 500$ pour un cano\u00eb, 250$ pour un surf \u00e0 pagaies ou 30$ pour un pagaie de surnommer en votre nom. S\u2019il-vous-pla\u00eet nous aviser de votre contribution \u00e0 <a href=\"mailto:info@clublacbrome.com\" target=\"_blank\" rel=\"noopener\">info@clublacbrome.com<\/a>\u00a0et nous communiquerons avec vous \u00e0 ce moment pour vous expliquer la proc\u00e9dure.<\/p>\n<p>Le Club de Golf de Knowlton lance une g\u00e9n\u00e9reuse invitation aux membres du CNLB et offre certains privil\u00e8ges cet \u00e9t\u00e9. \u00a0Les plus jeunes de nos campeurs participeront gratuitement \u00e0 un cours de golf pour d\u00e9butant les jeudis. \u00a0Ils pourront aussi prendre des le\u00e7ons semi-priv\u00e9es \u00e0 20$ les mardis et jeudis de 16h00 \u00e0 17h30, et ce, du 10 juillet au 16 ao\u00fbt. \u00a0Le Club de Golf ouvrira les portes de sa salle \u00e0 manger \u00e0 tous les membres du CNLB les 14 juin, 12 juillet et 9 ao\u00fbt. \u00a0Consultez\u00a0<a href=\"https:\/\/clublacbrome.com\/wp-content\/uploads\/2018\/02\/2018propositiongolf.pdf\" target=\"_blank\" rel=\"noopener\">l\u2019annonce de Club de Golf de Knowlton<\/a>\u00a0pour plus de d\u00e9tails.<\/p>\n<p><strong>Inscription au camp et programme CIT<\/strong><\/p>\n<p>Le nombre d\u2019inscriptions aux camps augmente d\u2019ann\u00e9e en ann\u00e9e et atteint la capacit\u00e9 maximale au milieu du mois de juillet. \u00a0Nous encourageons les membres \u00e0\u00a0<a href=\"https:\/\/clublacbrome.com\/fr\/inscription-au-camp\/\" target=\"_blank\" rel=\"noopener\">inscrire leurs enfants au camp<\/a>\u00a0le plus t\u00f4t possible soit \u00e0 partir du 6 mars et avant les inscriptions des invit\u00e9s de membres\u00a0le 1er mai. \u00a0Tous les efforts seront d\u00e9ploy\u00e9s pour satisfaire les demandes, cependant, nous devons respecter le ratio campeur\/moniteur, la capacit\u00e9 sur les courts de tennis et sur les embarcations pour assurer une exp\u00e9rience s\u00e9curitaire et plaisante pour tous.<\/p>\n<p>Le programme de moniteurs en formation CIT continue son envol. \u00a0L\u2019an pass\u00e9 17 jeunes membres ont donn\u00e9 758 heures de b\u00e9n\u00e9volat pour aider les moniteurs et acqu\u00e9rir une exp\u00e9rience de travail riche d\u2019enseignement. \u00a0Cette ann\u00e9e encore, les CIT juniors de 13 et 14 ans aideront \u00e0 surveiller les campeurs le matin et participeront \u00e0 des activit\u00e9s organis\u00e9es l&#8217;apr\u00e8s-midi, y compris le tennis, la voile, le cano\u00eb, le paddleboard et le ski nautique. Inscrivez-vous sur le\u00a0<a href=\"https:\/\/clublacbrome.com\/fr\/inscription-au-camp\/\" target=\"_blank\" rel=\"noopener\">formulaire d&#8217;inscription au camp<\/a>. Des frais hebdomadaires s&#8217;appliquent et des extras facultatifs peuvent \u00eatre factur\u00e9s pour le ski nautique. Les CIT de 15 et 16 ans doivent offrir leurs services pour des jours entiers. Pour postuler en tant que CIT, veuillez compl\u00e9ter le\u00a0<a href=\"https:\/\/clublacbrome.com\/fr\/programme-cit\/\" target=\"_blank\" rel=\"noopener\">formulaire d\u2019inscription CIT<\/a>.<\/p>\n<p>Le\u00a0<a href=\"https:\/\/clublacbrome.com\/fr\/?page_id=8994\" target=\"_blank\" rel=\"noopener\">Club Junior<\/a>\u00a0offre des activit\u00e9s structur\u00e9es pour les adolescents. \u00a0Les activit\u00e9s ont inclus des films \u00e0 Cowansville ou au Club, des glissades d&#8217;eau \u00e0 Bromont et un d\u00eener \u00e0 la marina de Knowlton. Veuillez communiquer avec Emily Ritchie si vous avez des id\u00e9es ou si vous souhaitez aider \u00e0 organiser des activit\u00e9s pour les clubs juniors.<\/p>\n<p><strong>Abonnement, Frais et B\u00e9n\u00e9volat<\/strong><\/p>\n<p>Le taux de participation a augment\u00e9 mais le nombre d\u2019abonnement est demeur\u00e9 stable. \u00a0Le nombre de bateaux de membres amarr\u00e9s au Club a augment\u00e9 de 50% l\u2019an pass\u00e9 et quelques camps ont atteint leurs capacit\u00e9s maximales en juillet. \u00a0Le temps est venu d\u2019augmenter les droits d\u2019entr\u00e9e pour les nouveaux membres et d\u2019implanter des listes d\u2019attente pour certaines cat\u00e9gories d\u2019abonnements dans le but de maintenir la qualit\u00e9 des programmes \u00a0et du site pour nos membres. \u00a0Apr\u00e8s plusieurs ann\u00e9es sans augmentation tous les\u00a0<a href=\"https:\/\/clublacbrome.com\/fr\/grille-de-tarifs\/\" target=\"_blank\" rel=\"noopener\">frais<\/a>\u00a0ont \u00e9t\u00e9 rehauss\u00e9s de 3% pour la saison 2018 pour compenser \u00e0 l\u2019inflation et \u00e0 l\u2019augmentation du salaire minimum.<\/p>\n<p>Le Club est administr\u00e9 sur un budget serr\u00e9 qui permet des frais minimum et inspire nos membres \u00e0 donner leur temps et leur argent pour cr\u00e9er cette communaut\u00e9 du CNLB. \u00a0Plusieurs membres b\u00e9n\u00e9voles donnent sans compter des heures pour mettre sur pied des programmes, organiser des \u00e9v\u00e9nements, maintenir le site, produire et r\u00e9parer les \u00e9quipements, installer et remiser les quais, cr\u00e9er et commander des marchandises, entretenir les jardins et le terrain, nettoyer le club tous les jours, superviser des employ\u00e9s, pr\u00e9voir les assurances, mettre \u00e0 jour le site internet, maintenir des relations avec les autres clubs et la communaut\u00e9 locale, et gouverner notre club. \u00a0Un nouveau programme de b\u00e9n\u00e9volat sera mis en place cette ann\u00e9e pour permettre la reconnaissance de ces membres et pour cr\u00e9er des opportunit\u00e9s pour d\u2019autres membres qui voudraient s\u2019impliquer. \u00a0Une liste d\u2019activit\u00e9s b\u00e9n\u00e9voles sera affich\u00e9e mais vous \u00eates invit\u00e9s \u00e0 faire part de vos id\u00e9es au G\u00e9rant du Club. \u00a0La journ\u00e9e de b\u00e9n\u00e9volat annuelle en mai sera multipli\u00e9e en plusieurs jours durant l\u2019\u00e9t\u00e9 pour vous permettre de participer selon vos disponibilit\u00e9s et vos plans pour l\u2019\u00e9t\u00e9.<\/p>\n<p>N\u2019h\u00e9sitez pas \u00e0 nous communiquer tous vos commentaires ou suggestions \u00e0 l&#8217;addresse courriel ci-dessous.<\/p>\n<p>Au plaisir de partager avec vous un autre magnifique \u00e9t\u00e9 au Club Nautique du Lac Brome.<\/p>\n<p>Cordialement,<br \/>\nShane Velan au nom du conseil d\u2019administration du CNLB<br \/>\n<a>info@clublacbrome.com<\/a><\/p>\n<p><strong>Membres du conseil d\u2019administration<\/strong><br \/>\nKim Alepin, Co-chef des comit\u00e9s de voile et de communications<br \/>\nSara Bradeen, Chef des comit\u00e9s sociaux et \u00e9cologiques<br \/>\nThane Calder, Co-responsable du comit\u00e9 de voile<br \/>\nGilles Lamarche<br \/>\nHeidi Lange, Chef des comit\u00e9s de tennis et des membres<br \/>\nEmily Ritchie, Chef des comit\u00e9s de camp de jour, de programme CIT, de natation et des employ\u00e9s<br \/>\nBrigitte Roy, Secretary<br \/>\nStephen Sager, Tr\u00e9sorier et Chef du comit\u00e9 des installations et de l\u2019entretien<br \/>\nShane Velan, Pr\u00e9sident et Chef du Comit\u00e9 des finances et de l\u2019infrastructure<br \/>\nDonna Zamiska, Co-chef du comit\u00e9 des communications, Chef du comit\u00e9 d\u2019engagement communautaire<\/p>\n<hr \/>\n<h2>Mars 2017<\/h2>\n<p>Chers membres,<\/p>\n<p>Nous nous pr\u00e9parons pour une autre grande saison de voile, tennis, sports nautiques, camp, et \u00e9v\u00e9nements sp\u00e9ciaux. Je voudrais profiter de cette occasion pour remercier Heidi Lange pour ses trois ann\u00e9es de leadership constant et rigoureux en tant que pr\u00e9sidente du CNLB. J\u2019ai h\u00e2te de travailler avec les membres de notre conseil administratif, des gens fantastiques, d\u00e9di\u00e9s, qui continuent \u00e0 donner leur temps pour que le CNLB soit un lieu magique pour nous tous et pour les ann\u00e9es \u00e0 venir.<\/p>\n<p><strong>Retour du personnel<\/strong><\/p>\n<p>Nous sommes heureux d\u2019annoncer que Scott Crawford a \u00e9t\u00e9 embauch\u00e9 en tant que nouveau directeur du club. Scott est dans sa deuxi\u00e8me ann\u00e9e \u00e0 l\u2019universit\u00e9 McGill et a travaill\u00e9 au club tant que moniteur de camp de jour. Il a alors d\u00e9montr\u00e9 qu\u2019il \u00e9tait un meneur enthousiaste et responsable. Scott sera assist\u00e9 par Antoine Brouillard qui revient en tant que Chef de voile, nos pros de tennis chevronn\u00e9s Vincent Tardif et Guillaume Jacob ainsi que de nombreux autres membres du personnel qui reviennent compl\u00e9ter l\u2019\u00e9quipe.<\/p>\n<p><strong>Pr\u00e9parez-vous \u00e0 l\u2019enregistrement du camp<\/strong><\/p>\n<p>L&#8217;inscription pour les camps commence aujourd&#8217;hui pour les membres. Les camps (de jour, de voile et \/ ou de tennis) se d\u00e9rouleront pendant 9 semaines soit du 26 juin au 25 ao\u00fbt. La capacit\u00e9 des camps \u00e9tant limit\u00e9e, nous vous sugg\u00e9rons d\u2019effectuer vos inscriptions d\u00e8s que possible. Compl\u00e9tez le formulaire d&#8217;inscription au camp pour inscrire vos enfants.<\/p>\n<p>Calendrier d\u2019inscription pour les camps de voile, de tennis, et les camps de jour<br \/>\n&#8211; D\u00e9butent le 7 mars pour les membres existants<br \/>\n&#8211; D\u00e9butent le 17 mars pour les nouveaux membres<br \/>\n&#8211; D\u00e9butent le 2 mai pour les invit\u00e9s et les non-membres<\/p>\n<p><strong>\u00c0 noter \u00e0 votre calendrier\u00a0<\/strong><\/p>\n<p>Venez pr\u00e9parer les terrains le jour du b\u00e9n\u00e9volat le 6 mai. Participez au coup d\u2019envoi de l\u2019\u00e9t\u00e9 lors notre BBQ d\u2019ouverture le 24 juin. Invitez vos amis \u00e0 cet \u00e9v\u00e9nement portes ouvertes : une excellente occasion d\u2019initier des gens au club sans frais. Consultez le calendrier pour plus d\u2019informations concernant les BBQ des mardis soirs et d\u2019autres \u00e9v\u00e9nements sociaux; les courses de voile, les tournois de tennis, la r\u00e9gate annuelle, et plus.<\/p>\n<p>N\u2019h\u00e9sitez pas \u00e0 vous abonner au calendrier du CNLB en cliquant sur le bouton ci-dessus le calendrier pour recevoir les derni\u00e8res informations sur votre appareil mobile ou votre calendrier num\u00e9rique.<\/p>\n<p><strong>Retour des services populaires<\/strong><\/p>\n<p>Nos nombreuses offres populaires introduites l\u2019ann\u00e9e derni\u00e8re dans la voile, le tennis, le camp de jour et programme de Club Junior\/CIT continueront cette ann\u00e9e.<\/p>\n<p>La participation aux programmes remani\u00e9s de voile jeunesse et de course junior ont connu un croissance de plus de 40% d\u2019ann\u00e9e en ann\u00e9e. Notre r\u00e9putation est de plus en plus celle d\u2019un programme amusant et concurrentiel avec des candidatures de la F\u00e9d\u00e9ration de Voile du Qu\u00e9bec pla\u00e7ant le CNLB dans le cadre des 4 meilleures clubs \/ \u00e9coles de voile, avec Antoine Brouillard nomm\u00e9 instructeur de l\u2019ann\u00e9e et la coupe Howsen comme \u00e9v\u00e9nement de l\u2019ann\u00e9e! Plusieurs de nos marins ont continu\u00e9 \u00e0 comp\u00e9titionner \u00e0 l\u2019\u00e9chelle nationale et internationale depuis l\u2019\u00e9t\u00e9 dernier.<\/p>\n<p>Le programme de tennis sera d\u00e9velopp\u00e9 avec des le\u00e7ons sur demande autour de la saison soit avant le barbecue d\u2019ouverture et apr\u00e8s la f\u00eate du travail.<\/p>\n<p>Le Club Junior offre des activit\u00e9s pour les adolescents. Le programme CIT continuera \u00e0 jouer un r\u00f4le pour nos membres adolescents qui d\u00e9sirent participer au camp tout en acqu\u00e9rant une exp\u00e9rience de travail pr\u00e9cieuse qui les pr\u00e9pare pour des emplois d\u2019\u00e9t\u00e9 futurs.<\/p>\n<p>Nous sommes \u00e9galement heureux du retour de Zack Shine et de son Snack Shack pour une deuxi\u00e8me ann\u00e9e.<\/p>\n<p><strong>Notre club est ce que nous faisons de lui<\/strong><\/p>\n<p>La communaut\u00e9 CNLB repose sur la participation d\u2019innombrables membres b\u00e9n\u00e9voles pour cr\u00e9er les programmes, g\u00e9rer et entretenir les installations, planifier les \u00e9v\u00e9nements et apporter de nouvelles id\u00e9es pour am\u00e9liorer le Club pour notre plaisir \u00e0 tous. Nous avons cr\u00e9\u00e9 des comit\u00e9s dirig\u00e9s par des membres du conseil administratif; des contacts pour tous nos membres qui d\u00e9sirent s\u2019impliquer. Si vous avez des id\u00e9es et vous voulez donner un coup main dans l\u2019\u00e9laboration du CNLB, veuillez consulter les descriptions des comit\u00e9s, puis communiquer avec les chefs de comit\u00e9s via Scott Crawford.<\/p>\n<p><strong>\u00c0 la recherche de votre aide pour am\u00e9liorer les installations et les \u00e9quipements<\/strong><\/p>\n<p>Les priorit\u00e9s d\u2019investissement de cette ann\u00e9e sont les quais, des voiliers, un bateau de s\u00e9curit\u00e9, le stockage d\u2019\u00e9quipement, la r\u00e9paration de flotte et le remplacement des appareils \u00e9lectrom\u00e9nagers de la cantine. La collecte de mat\u00e9riel d\u2019occasion de notre communaut\u00e9 est une premi\u00e8re \u00e9tape dans nos initiatives vertes et nous permet de d\u00e9penser pour d\u2019autres am\u00e9liorations. Nous recherchons des contributions pour am\u00e9liorer les \u00e9quipements suivants:<br \/>\n* cuisini\u00e8re, r\u00e9frig\u00e9rateur et \/ ou cong\u00e9lateur en bon \u00e9tat de fonctionnement pour la cantine<br \/>\n* voiliers, canots, surfs \u00e0 pagaie<\/p>\n<p>Si vous \u00eates int\u00e9ress\u00e9 \u00e0 faire un don de ce qui est mentionn\u00e9 pr\u00e9c\u00e9demment, veuillez communiquer avec Scott Crawford.<\/p>\n<p><strong>Mis\u00a0\u00e0 jour de politiques<\/strong><\/p>\n<p>La cat\u00e9gorie d\u2019\u00e2ge membres interm\u00e9diaires sera abaiss\u00e9e de 13 \u00e0 12 ans, ceci permettra \u00e0 plus de campeurs de pouvoir profiter de tous les privil\u00e8ges d\u2019un abonnement de membre.<\/p>\n<p>La politique non-membre et invit\u00e9 est r\u00e9vis\u00e9e pour limiter la participation \u00e0 une semaine par \u00e9t\u00e9. Au cours des derniers \u00e9t\u00e9s, les non-membres et les invit\u00e9s ont \u00e9t\u00e9 autoris\u00e9s \u00e0 participer aux camps de voile et camps tennis \u00e0 un taux \u00e9lev\u00e9 de participation. Cette ann\u00e9e, les non-membres et invit\u00e9s participants seront invit\u00e9s \u00e0 se joindre tant que membres afin de profiter du club tout l\u2019\u00e9t\u00e9.<\/p>\n<p>Si vous avez des commentaires ou suggestions, n\u2019h\u00e9sitez pas \u00e0 communiquer avec moi. Au plaisir de partager un autre bel \u00e9t\u00e9 avec vous tous au Club Nautique du Lac Brome!<\/p>\n<p>Cordialement,<br \/>\nShane Velan au nom du conseil d&#8217;administration du CNLB<br \/>\n<a>info@clublacbrome.com<\/a><\/p>\n<p><strong>Membres du conseil d\u00e2\u20ac\u2122administration<\/strong><br \/>\nKim Alepin, Co-chef des comit\u00e9s de voile et de communications<br \/>\nSara Bradeen, Chef des\u00a0comit\u00e9s sociaux et \u00e9cologiques<br \/>\nThane Calder, Co-responsable du\u00a0comit\u00e9 de voile<br \/>\nGilles Lamarche<br \/>\nHeidi Lange, Chef des\u00a0comit\u00e9s de tennis et des employ\u00e9s<br \/>\nEmily Ritchie, Chef des comit\u00e9s de camp de jour, de natation et des employ\u00e9s<br \/>\nBrigitte Roy, Secr\u00e9taire<br \/>\nStephen Sager, Tr\u00e9sorier et Chef du comit\u00e9 des installations et de l&#8217;entretien<br \/>\nShane Velan, Pr\u00e9sident et Chef du comit\u00e9 des finances et de l&#8217;infrastructure<br \/>\nDonna Zamiska, Co-chef du comit\u00e9s des communications, Chef du comit\u00e9 d&#8217;engagement communautaire<\/p>\n<hr \/>\n<p>&nbsp;<\/p>\n","protected":false},"excerpt":{"rendered":"<p>Mars 2018 Chers membres, L\u2019\u00e9t\u00e9 arrive dans quelques mois et nous planifions une autre excellente saison the voile, de tennis, de sports nautiques, de camps et d\u2019\u00e9v\u00e9nements sp\u00e9ciaux au Club [&hellip;]<\/p>\n","protected":false},"author":3,"featured_media":0,"parent":0,"menu_order":0,"comment_status":"closed","ping_status":"closed","template":"","meta":{"footnotes":""},"class_list":["post-15496","page","type-page","status-publish","hentry"],"_links":{"self":[{"href":"https:\/\/clublacbrome.com\/fr\/wp-json\/wp\/v2\/pages\/15496","targetHints":{"allow":["GET"]}}],"collection":[{"href":"https:\/\/clublacbrome.com\/fr\/wp-json\/wp\/v2\/pages"}],"about":[{"href":"https:\/\/clublacbrome.com\/fr\/wp-json\/wp\/v2\/types\/page"}],"author":[{"embeddable":true,"href":"https:\/\/clublacbrome.com\/fr\/wp-json\/wp\/v2\/users\/3"}],"replies":[{"embeddable":true,"href":"https:\/\/clublacbrome.com\/fr\/wp-json\/wp\/v2\/comments?post=15496"}],"version-history":[{"count":1,"href":"https:\/\/clublacbrome.com\/fr\/wp-json\/wp\/v2\/pages\/15496\/revisions"}],"predecessor-version":[{"id":15497,"href":"https:\/\/clublacbrome.com\/fr\/wp-json\/wp\/v2\/pages\/15496\/revisions\/15497"}],"wp:attachment":[{"href":"https:\/\/clublacbrome.com\/fr\/wp-json\/wp\/v2\/media?parent=15496"}],"curies":[{"name":"wp","href":"https:\/\/api.w.org\/{rel}","templated":true}]}}