{"id":1803,"date":"2015-06-14T11:58:03","date_gmt":"2015-06-14T15:58:03","guid":{"rendered":"https:\/\/clublacbrome.com\/?page_id=1803"},"modified":"2015-06-15T17:02:40","modified_gmt":"2015-06-15T21:02:40","slug":"formulaire-medical-pour-les-camps","status":"publish","type":"page","link":"https:\/\/clublacbrome.com\/fr\/formulaire-medical-pour-les-camps\/","title":{"rendered":"Formulaire M\u00e9dical pour les Camps"},"content":{"rendered":"<p>Formulaire M\u00e9dical pour les Camps<\/p>\n<p>Si votre enfant est inscrit \u00e0 un de nos camps ( camp de jour, camp de voile ou camp de tennis), nous avons besoin que vous nous fournissiez d&#8217;importantes informations de sant\u00e9 et s\u00e9curit\u00e9.<\/p>\n<p>Veuillez s&#8217;il-vous-plait imprimer et remplir le formulaire ci-dessous et le remettre \u00e0 la g\u00e9rante ou \u00e0 la responsable du camp de jour le premier jour que votre enfant sera au camp.<\/p>\n<p><a href=\"https:\/\/clublacbrome.com\/wp-content\/uploads\/2015\/06\/cnlb-health-form-fr-jpeg-1.jpg\"><img decoding=\"async\" class=\"aligncenter wp-image-1811 size-full\" src=\"https:\/\/clublacbrome.com\/wp-content\/uploads\/2015\/06\/cnlb-health-form-fr-jpeg-1.jpg\" alt=\"CNLB Health Form FR Jpeg\" width=\"791\" height=\"1024\" srcset=\"https:\/\/clublacbrome.com\/wp-content\/uploads\/2015\/06\/cnlb-health-form-fr-jpeg-1.jpg 791w, https:\/\/clublacbrome.com\/wp-content\/uploads\/2015\/06\/cnlb-health-form-fr-jpeg-1-232x300.jpg 232w, https:\/\/clublacbrome.com\/wp-content\/uploads\/2015\/06\/cnlb-health-form-fr-jpeg-1-386x500.jpg 386w, https:\/\/clublacbrome.com\/wp-content\/uploads\/2015\/06\/cnlb-health-form-fr-jpeg-1-624x808.jpg 624w\" sizes=\"(max-width: 791px) 100vw, 791px\" \/><\/a><\/p>\n","protected":false},"excerpt":{"rendered":"<p>Formulaire M\u00e9dical pour les Camps Si votre enfant est inscrit \u00e0 un de nos camps ( camp de jour, camp de voile ou camp de tennis), nous avons besoin que [&hellip;]<\/p>\n","protected":false},"author":40,"featured_media":0,"parent":0,"menu_order":0,"comment_status":"closed","ping_status":"closed","template":"","meta":{"footnotes":""},"class_list":["post-1803","page","type-page","status-publish","hentry"],"_links":{"self":[{"href":"https:\/\/clublacbrome.com\/fr\/wp-json\/wp\/v2\/pages\/1803","targetHints":{"allow":["GET"]}}],"collection":[{"href":"https:\/\/clublacbrome.com\/fr\/wp-json\/wp\/v2\/pages"}],"about":[{"href":"https:\/\/clublacbrome.com\/fr\/wp-json\/wp\/v2\/types\/page"}],"author":[{"embeddable":true,"href":"https:\/\/clublacbrome.com\/fr\/wp-json\/wp\/v2\/users\/40"}],"replies":[{"embeddable":true,"href":"https:\/\/clublacbrome.com\/fr\/wp-json\/wp\/v2\/comments?post=1803"}],"version-history":[{"count":0,"href":"https:\/\/clublacbrome.com\/fr\/wp-json\/wp\/v2\/pages\/1803\/revisions"}],"wp:attachment":[{"href":"https:\/\/clublacbrome.com\/fr\/wp-json\/wp\/v2\/media?parent=1803"}],"curies":[{"name":"wp","href":"https:\/\/api.w.org\/{rel}","templated":true}]}}