{"id":22,"date":"2013-02-18T11:35:36","date_gmt":"2013-02-18T16:35:36","guid":{"rendered":"https:\/\/clublacbrome.com\/?page_id=22"},"modified":"2018-02-27T11:20:19","modified_gmt":"2018-02-27T16:20:19","slug":"a-propos-du-club-lac-brome","status":"publish","type":"page","link":"https:\/\/clublacbrome.com\/fr\/a-propos-du-club-lac-brome\/","title":{"rendered":"\u00c0 propos du Club Lac Brome"},"content":{"rendered":"<p><a href=\"https:\/\/clublacbrome.com\/wp-content\/uploads\/2013\/02\/bg2.jpg\"><img decoding=\"async\" class=\"alignright size-medium wp-image-394\" src=\"https:\/\/clublacbrome.com\/wp-content\/uploads\/2013\/02\/bg2-300x153.jpg\" alt=\"bg2.jpg\" width=\"300\" height=\"153\" srcset=\"https:\/\/clublacbrome.com\/wp-content\/uploads\/2013\/02\/bg2-300x153.jpg 300w, https:\/\/clublacbrome.com\/wp-content\/uploads\/2013\/02\/bg2-1024x522.jpg 1024w, https:\/\/clublacbrome.com\/wp-content\/uploads\/2013\/02\/bg2-624x318.jpg 624w, https:\/\/clublacbrome.com\/wp-content\/uploads\/2013\/02\/bg2.jpg 1898w\" sizes=\"(max-width: 300px) 100vw, 300px\" \/><\/a>Fond\u00e9e en 1901, le\u00a0Club Nautique du Lac Brome est l&#8217;un des plus anciens clubs sportifs dans les Cantons de l&#8217;Est. Depuis sa cr\u00e9ation, le club\u00a0est devenu une maison loin de la maison pour des centaines de membres au cours de leurs \u00e9t\u00e9s dans la r\u00e9gion du Lac Brome.<\/p>\n<p>Du mois de mai au d\u00e9but octobre, le club autorise une vari\u00e9t\u00e9 de sports de plein air pour les personnes de tous \u00e2ges, y compris la voile, le kayak, le cano\u00eb, la natation et le tennis. Pendant les mois les plus fr\u00e9quent\u00e9s en \u00e9t\u00e9, on peut aussi participer aux divers \u00e9v\u00e9nements et activit\u00e9s qui se d\u00e9roulent au club, y compris une gamme de tournois de tennis et stages de tennis pour adultes, les adultes, samedi \u00e0 voile voile r\u00e9gates, une baignade difficile mais gratifiant de Eagle Island, cours de yoga, mardi soir, les barbecues et les comptes annuels, ax\u00e9s sur la famille, le kayak-cano\u00eb-nager r\u00e9gate. En outre, au cours de la derni\u00e8re d\u00e9cennie, un camp de voile camp de jour, camp de tennis et ont \u00e9t\u00e9 lanc\u00e9s pour les enfants entre les \u00e2ges de trois et 16, pouvant accueillir jusqu&#8217;\u00e0 60 jeunes \u00e0 la fois. Que l&#8217;on cherche \u00e0 se d\u00e9tendre avec un livre de l&#8217;eau, ou jouer \u00e0 un jeu enthousiaste de tennis avec des amis, le lac Brome Boating Club a quelque chose pour tout le monde.<\/p>\n","protected":false},"excerpt":{"rendered":"<p>Fond\u00e9e en 1901, le\u00a0Club Nautique du Lac Brome est l&#8217;un des plus anciens clubs sportifs dans les Cantons de l&#8217;Est. Depuis sa cr\u00e9ation, le club\u00a0est devenu une maison loin de [&hellip;]<\/p>\n","protected":false},"author":1,"featured_media":0,"parent":0,"menu_order":0,"comment_status":"closed","ping_status":"closed","template":"","meta":{"footnotes":""},"class_list":["post-22","page","type-page","status-publish","hentry"],"_links":{"self":[{"href":"https:\/\/clublacbrome.com\/fr\/wp-json\/wp\/v2\/pages\/22","targetHints":{"allow":["GET"]}}],"collection":[{"href":"https:\/\/clublacbrome.com\/fr\/wp-json\/wp\/v2\/pages"}],"about":[{"href":"https:\/\/clublacbrome.com\/fr\/wp-json\/wp\/v2\/types\/page"}],"author":[{"embeddable":true,"href":"https:\/\/clublacbrome.com\/fr\/wp-json\/wp\/v2\/users\/1"}],"replies":[{"embeddable":true,"href":"https:\/\/clublacbrome.com\/fr\/wp-json\/wp\/v2\/comments?post=22"}],"version-history":[{"count":1,"href":"https:\/\/clublacbrome.com\/fr\/wp-json\/wp\/v2\/pages\/22\/revisions"}],"predecessor-version":[{"id":17950,"href":"https:\/\/clublacbrome.com\/fr\/wp-json\/wp\/v2\/pages\/22\/revisions\/17950"}],"wp:attachment":[{"href":"https:\/\/clublacbrome.com\/fr\/wp-json\/wp\/v2\/media?parent=22"}],"curies":[{"name":"wp","href":"https:\/\/api.w.org\/{rel}","templated":true}]}}