{"id":231,"date":"2013-02-22T12:01:14","date_gmt":"2013-02-22T17:01:14","guid":{"rendered":"https:\/\/clublacbrome.com\/?page_id=231"},"modified":"2026-04-15T13:05:01","modified_gmt":"2026-04-15T17:05:01","slug":"accueil","status":"publish","type":"page","link":"https:\/\/clublacbrome.com\/fr\/","title":{"rendered":"Accueil"},"content":{"rendered":"<div id='av_section_1'  class='avia-section av-k758vwf5-2570189ec0c386f969d2e7c996488ff8 main_color avia-section-default avia-no-border-styling  avia-builder-el-0  el_before_av_layout_row  avia-builder-el-first  avia-bg-style-scroll av-minimum-height av-minimum-height-custom av-height-custom  av-section-with-video-bg container_wrap sidebar_right'   data-av_minimum_height_px='500' data-section-video-ratio='16:9'><div  class='avia-slideshow av_slideshow_obj-1-6a0073624ce09 avia-slideshow-featured av_slideshow avia-slide-slider av-slideshow-ui av-control-default av-slideshow-manual av-loop-once av-loop-manual-endless av-default-height-applied  av-section-video-bg avia-slideshow-1' data-slideshow-options=\"{&quot;animation&quot;:&quot;slide&quot;,&quot;autoplay&quot;:false,&quot;loop_autoplay&quot;:&quot;once&quot;,&quot;interval&quot;:5,&quot;loop_manual&quot;:&quot;manual-endless&quot;,&quot;autoplay_stopper&quot;:false,&quot;noNavigation&quot;:false,&quot;bg_slider&quot;:false,&quot;keep_padding&quot;:false,&quot;hoverpause&quot;:false,&quot;show_slide_delay&quot;:0}\"  itemprop=\"image\" itemscope=\"itemscope\" itemtype=\"https:\/\/schema.org\/ImageObject\" ><ul class='avia-slideshow-inner ' style='padding-bottom: 28.666666666667%;'><li  data-controls='disabled' data-mute='aviaTBaviaTBvideo_mute' data-loop='1' data-disable-autoplay=''  data-video-ratio='1.7777777777778' class='avia-slideshow-slide av_slideshow_obj-1-6a0073624ce09__0  av-video-slide  av-video-service-html5  av-hide-video-controls av-mute-video av-loop-video  av-single-slide slide-1 slide-odd'><div data-rel='slideshow-1' class='avia-slide-wrap '    itemprop=\"video\" itemtype=\"https:\/\/schema.org\/VideoObject\" ><div class='av-click-overlay'><\/div><video class='avia_video'  autoplay playsinline loop preload=\"metadata\" muted  id='player_231_1821851004_1622147020'><source src=\"https:\/\/clublacbrome.com\/wp-content\/uploads\/2020\/03\/Boat-club.mp4\" type=\"video\/mp4\" \/><\/video><div class=\"av-click-to-play-overlay\"><div class=\"avia_playpause_icon\"><\/div><\/div><\/div><\/li><\/ul><\/div><div class='container av-section-cont-open' style='height:500px'><main  role=\"main\" itemprop=\"mainContentOfPage\"  class='template-page content  av-content-small alpha units'><div class='post-entry post-entry-type-page post-entry-231'><div class='entry-content-wrapper clearfix'>\n\n<style type=\"text\/css\" data-created_by=\"avia_inline_auto\" id=\"style-css-av-13bmp7k-df6445538a4848992193fe21e29b06f6\">\n.flex_column.av-13bmp7k-df6445538a4848992193fe21e29b06f6{\nborder-radius:0px 0px 0px 0px;\npadding:0px 0px 0px 0px;\n}\n<\/style>\n<div  class='flex_column av-13bmp7k-df6445538a4848992193fe21e29b06f6 av_one_third  avia-builder-el-1  el_before_av_one_third  avia-builder-el-first  first flex_column_div av-zero-column-padding  '     ><\/div>\n<style type=\"text\/css\" data-created_by=\"avia_inline_auto\" id=\"style-css-av-o75shs-c1a7678258ae98168648c2ab4090ebd9\">\n.flex_column.av-o75shs-c1a7678258ae98168648c2ab4090ebd9{\nborder-radius:0px 0px 0px 0px;\npadding:0px 0px 0px 0px;\n}\n<\/style>\n<div  class='flex_column av-o75shs-c1a7678258ae98168648c2ab4090ebd9 av_one_third  avia-builder-el-2  el_after_av_one_third  el_before_av_one_third  flex_column_div av-animated-generic right-to-left av-zero-column-padding  '     ><\/div>\n<style type=\"text\/css\" data-created_by=\"avia_inline_auto\" id=\"style-css-av-xf54gg0-0e146f481e9474d6ed224865b7055390\">\n.flex_column.av-xf54gg0-0e146f481e9474d6ed224865b7055390{\nborder-radius:0px 0px 0px 0px;\npadding:40px 40px 40px 40px;\nbackground-color:rgba(21,36,93,0.65);\n}\n<\/style>\n<div  class='flex_column av-xf54gg0-0e146f481e9474d6ed224865b7055390 av_one_third  avia-builder-el-3  el_after_av_one_third  avia-builder-el-last  flex_column_div  '     ><p>\n<style type=\"text\/css\" data-created_by=\"avia_inline_auto\" id=\"style-css-av-wpkob7k-54b79be7fd71a01d55aaf9d15f74de5a\">\n.av_font_icon.av-wpkob7k-54b79be7fd71a01d55aaf9d15f74de5a{\ncolor:#ffffff;\nborder-color:#ffffff;\n}\n.av_font_icon.av-wpkob7k-54b79be7fd71a01d55aaf9d15f74de5a .av-icon-char{\nfont-size:60px;\nline-height:60px;\n}\n<\/style>\n<span  class='av_font_icon av-wpkob7k-54b79be7fd71a01d55aaf9d15f74de5a avia_animate_when_visible av-icon-style- avia-icon-pos-center avia-icon-animate'><span class='av-icon-char' aria-hidden='true' data-av_icon='' data-av_iconfont='medical' ><\/span><\/span><br \/>\n\n<style type=\"text\/css\" data-created_by=\"avia_inline_auto\" id=\"style-css-av-388h74w-f46b625dfdd6bd722b299c583c85c254\">\n#top .hr.hr-invisible.av-388h74w-f46b625dfdd6bd722b299c583c85c254{\nheight:20px;\n}\n<\/style>\n<div  class='hr av-388h74w-f46b625dfdd6bd722b299c583c85c254 hr-invisible  avia-builder-el-5  el_after_av_font_icon  el_before_av_textblock '><span class='hr-inner '><span class=\"hr-inner-style\"><\/span><\/span><\/div><br \/>\n\n<style type=\"text\/css\" data-created_by=\"avia_inline_auto\" id=\"style-css-av-vta7gkg-06ce2dd84856a81c428db20de9d25c8d\">\n#top .av_textblock_section.av-vta7gkg-06ce2dd84856a81c428db20de9d25c8d .avia_textblock{\nfont-size:25px;\ncolor:#ffffff;\n}\n<\/style>\n<section  class='av_textblock_section av-vta7gkg-06ce2dd84856a81c428db20de9d25c8d '   itemscope=\"itemscope\" itemtype=\"https:\/\/schema.org\/CreativeWork\" ><div class='avia_textblock av_inherit_color'  itemprop=\"text\" ><p style=\"text-align: center;\">Les inscriptions pour les camps sont ouvertes pour <strong>TOUS<\/strong>. <a href=\"http:\/\/clublacbrome.com\/fr\/inscription-au-camp\/\">Cliquez ici<\/a> pour vous inscrire ou pour en savoir plus sur nos dates et prix !<\/p>\n<hr \/>\n<p style=\"text-align: center;\">Nous recrutons ! <a href=\"https:\/\/clublacbrome.com\/fr\/emplois-dete-au-club\/\">Cliquez ici<\/a> pour consulter nos offres d&#8217;emploi et savoir comment postuler<\/p>\n<\/div><\/section><br \/>\n\n<style type=\"text\/css\" data-created_by=\"avia_inline_auto\" id=\"style-css-av-veaz5z4-c9a27493d31a33d3e7dd8aef262eeb2a\">\n#top .hr.hr-invisible.av-veaz5z4-c9a27493d31a33d3e7dd8aef262eeb2a{\nheight:8px;\n}\n<\/style>\n<div  class='hr av-veaz5z4-c9a27493d31a33d3e7dd8aef262eeb2a hr-invisible  avia-builder-el-7  el_after_av_textblock  avia-builder-el-last '><span class='hr-inner '><span class=\"hr-inner-style\"><\/span><\/span><\/div><\/p><\/div><\/div><\/div><\/main><!-- close content main element --><\/div><\/div><div id='av-layout-grid-1'  class='av-layout-grid-container av-7nloit-e72050b3d3ff953846ab6646d65aebad entry-content-wrapper main_color av-flex-cells  avia-builder-el-8  el_after_av_section  el_before_av_layout_row  grid-row-not-first  container_wrap sidebar_right'  >\n\n<style type=\"text\/css\" data-created_by=\"avia_inline_auto\" id=\"style-css-av-7iksy5-21aa067ce6e0be7135f6228a2034e4d2\">\n.flex_cell.av-7iksy5-21aa067ce6e0be7135f6228a2034e4d2{\nvertical-align:middle;\nheight:500px;\nmin-height:500px;\nbackground:url(https:\/\/clublacbrome.com\/wp-content\/uploads\/2020\/03\/Boat-Club-4.jpg) 0% 0% no-repeat scroll #22689e;\n}\n.responsive #top #wrap_all .flex_cell.av-7iksy5-21aa067ce6e0be7135f6228a2034e4d2{\npadding:0px 0px 0px 0px !important;\n}\n<\/style>\n<div class='flex_cell av-7iksy5-21aa067ce6e0be7135f6228a2034e4d2 av-gridrow-cell av_one_half no_margin  avia-builder-el-9  el_before_av_cell_one_half  avia-builder-el-first  av-zero-padding avia-full-stretch'  ><div class='flex_cell_inner'><\/div><\/div>\n<style type=\"text\/css\" data-created_by=\"avia_inline_auto\" id=\"style-css-av-7eaf2t-a48bc05cfee757573938e11329582206\">\n.flex_cell.av-7eaf2t-a48bc05cfee757573938e11329582206{\nvertical-align:middle;\nheight:500px;\nmin-height:500px;\nbackground-color:#22689e;\n}\n.responsive #top #wrap_all .flex_cell.av-7eaf2t-a48bc05cfee757573938e11329582206{\npadding:80px 80px 80px 80px !important;\n}\n<\/style>\n<div class='flex_cell av-7eaf2t-a48bc05cfee757573938e11329582206 av-gridrow-cell av_one_half no_margin  avia-builder-el-10  el_after_av_cell_one_half  avia-builder-el-last '  ><div class='flex_cell_inner'><p>\n<style type=\"text\/css\" data-created_by=\"avia_inline_auto\" id=\"style-css-av-29fi7-d0ec3b34f9b079df6819df7cd8a29aeb\">\n#top .av-special-heading.av-29fi7-d0ec3b34f9b079df6819df7cd8a29aeb{\npadding-bottom:25px;\ncolor:#ffffff;\nfont-size:34px;\n}\nbody .av-special-heading.av-29fi7-d0ec3b34f9b079df6819df7cd8a29aeb .av-special-heading-tag .heading-char{\nfont-size:25px;\n}\n#top #wrap_all .av-special-heading.av-29fi7-d0ec3b34f9b079df6819df7cd8a29aeb .av-special-heading-tag{\nfont-size:34px;\n}\n.av-special-heading.av-29fi7-d0ec3b34f9b079df6819df7cd8a29aeb .special-heading-inner-border{\nborder-color:#ffffff;\n}\n.av-special-heading.av-29fi7-d0ec3b34f9b079df6819df7cd8a29aeb .av-subheading{\nfont-size:15px;\n}\n\n@media only screen and (min-width: 480px) and (max-width: 767px){ \n#top #wrap_all .av-special-heading.av-29fi7-d0ec3b34f9b079df6819df7cd8a29aeb .av-special-heading-tag{\nfont-size:0.8em;\n}\n}\n\n@media only screen and (max-width: 479px){ \n#top #wrap_all .av-special-heading.av-29fi7-d0ec3b34f9b079df6819df7cd8a29aeb .av-special-heading-tag{\nfont-size:0.8em;\n}\n}\n<\/style>\n<div  class='av-special-heading av-29fi7-d0ec3b34f9b079df6819df7cd8a29aeb av-special-heading-h3 custom-color-heading blockquote modern-quote  avia-builder-el-11  el_before_av_textblock  avia-builder-el-first  av-inherit-size'><h3 class='av-special-heading-tag '  itemprop=\"headline\"  >Bref historique du Club Nautique du lac Brome<\/h3><div class=\"special-heading-border\"><div class=\"special-heading-inner-border\"><\/div><\/div><\/div><br \/>\n\n<style type=\"text\/css\" data-created_by=\"avia_inline_auto\" id=\"style-css-av-72sk5p-06b726c862d63d2fb75173bd45a99240\">\n#top .av_textblock_section.av-72sk5p-06b726c862d63d2fb75173bd45a99240 .avia_textblock{\ncolor:#ffffff;\n}\n<\/style>\n<section  class='av_textblock_section av-72sk5p-06b726c862d63d2fb75173bd45a99240 '   itemscope=\"itemscope\" itemtype=\"https:\/\/schema.org\/CreativeWork\" ><div class='avia_textblock av_inherit_color'  itemprop=\"text\" ><p>Fond\u00e9 en 1901, le Club nautique du lac Brome est le deuxi\u00e8me\u00a0plus ancien club sportif encore actif en Estrie. Son premier pr\u00e9sident \u00e9tait W.W. Lynch.\u00a0Le mandat original de 1901 stipule qu\u2019une \u00abassociation ou club doit \u00eatre\u00a0form\u00e9e dans l\u2019optique de r\u00e9cr\u00e9ation, d\u2019\u00e9ducation et d\u2019amusement, tel que la\u00a0rame, la pagaie, la voile et les courses de petites embarcations, et ce pour\u00a0la r\u00e9cr\u00e9ation, l\u2019\u00e9ducation et l\u2019amusement mutuel des membres de\u00a0l\u2019association sous l\u2019appellation Club Nautique du Lac Brome.\u00bb<\/p>\n<p><span class=\"VIiyi\" lang=\"fr\"><span class=\"JLqJ4b ChMk0b\" data-language-for-alternatives=\"fr\" data-language-to-translate-into=\"en\" data-phrase-index=\"0\" data-number-of-phrases=\"1\">Nous organisons des comp\u00e9titions annuelles pour enfants en natation, voile et tennis avec des clubs voisins, notamment North Hatley, l&#8217;Ermitage, Sargent&#8217;s Bay et plusieurs autres.\u00a0<\/span><\/span><\/p>\n<\/div><\/section><\/p>\n<\/div><\/div>\n<\/div><\/p>\n<div id='av-layout-grid-2'  class='av-layout-grid-container av-1rsc6d-fdcb6eae35a22be49a70a9cecbd0412d entry-content-wrapper main_color av-flex-cells  avia-builder-el-13  el_after_av_layout_row  el_before_av_layout_row  grid-row-not-first  container_wrap sidebar_right'  >\n\n<style type=\"text\/css\" data-created_by=\"avia_inline_auto\" id=\"style-css-av-1m8j9x-f13bd51c08ea5f5bce1229f5c4ea1e86\">\n.flex_cell.av-1m8j9x-f13bd51c08ea5f5bce1229f5c4ea1e86{\nvertical-align:middle;\nheight:500px;\nmin-height:500px;\n}\n.responsive #top #wrap_all .flex_cell.av-1m8j9x-f13bd51c08ea5f5bce1229f5c4ea1e86{\npadding:80px 80px 80px 80px !important;\n}\n<\/style>\n<div class='flex_cell av-1m8j9x-f13bd51c08ea5f5bce1229f5c4ea1e86 av-gridrow-cell av_one_half no_margin  avia-builder-el-14  el_before_av_cell_one_half  avia-builder-el-first '  ><div class='flex_cell_inner'><p>\n<style type=\"text\/css\" data-created_by=\"avia_inline_auto\" id=\"style-css-av-1j047-3eebe620207157d6afc4eb32a9786a99\">\n#top .av-special-heading.av-1j047-3eebe620207157d6afc4eb32a9786a99{\npadding-bottom:25px;\nfont-size:34px;\n}\nbody .av-special-heading.av-1j047-3eebe620207157d6afc4eb32a9786a99 .av-special-heading-tag .heading-char{\nfont-size:25px;\n}\n#top #wrap_all .av-special-heading.av-1j047-3eebe620207157d6afc4eb32a9786a99 .av-special-heading-tag{\nfont-size:34px;\n}\n.av-special-heading.av-1j047-3eebe620207157d6afc4eb32a9786a99 .av-subheading{\nfont-size:15px;\n}\n\n@media only screen and (min-width: 480px) and (max-width: 767px){ \n#top #wrap_all .av-special-heading.av-1j047-3eebe620207157d6afc4eb32a9786a99 .av-special-heading-tag{\nfont-size:0.8em;\n}\n}\n\n@media only screen and (max-width: 479px){ \n#top #wrap_all .av-special-heading.av-1j047-3eebe620207157d6afc4eb32a9786a99 .av-special-heading-tag{\nfont-size:0.8em;\n}\n}\n<\/style>\n<div  class='av-special-heading av-1j047-3eebe620207157d6afc4eb32a9786a99 av-special-heading-h3 blockquote modern-quote  avia-builder-el-15  el_before_av_textblock  avia-builder-el-first  av-inherit-size'><h3 class='av-special-heading-tag '  itemprop=\"headline\"  >Activit\u00e9s de voile<\/h3><div class=\"special-heading-border\"><div class=\"special-heading-inner-border\"><\/div><\/div><\/div><br \/>\n<section  class='av_textblock_section av-19psf9-969bf18aa91612d6ac1bf5f2db04e773 '   itemscope=\"itemscope\" itemtype=\"https:\/\/schema.org\/CreativeWork\" ><div class='avia_textblock'  itemprop=\"text\" ><p>Bienvenue au programme de voile du Club Nautique du Lac Brome. L\u2019ambiance amicale et familiale de notre club est un lieu propice pour l\u2019apprentissage de la voile. Notre but est d\u2019offrir des cours adapt\u00e9s pour les enfants, adolescents et adultes de tous les niveaux dans un encadrement amusant et s\u00e9curitaire, tel que d\u00e9crit dans notre guide de s\u00e9curit\u00e9 des activit\u00e9s nautiques.<\/p>\n<\/div><\/section><br \/>\n<div  class='avia-button-wrap av-k76c1f4s-0ab232a2a9091444734cdad3c7e5038d-wrap avia-button-center  avia-builder-el-17  el_after_av_textblock  avia-builder-el-last '><a href='https:\/\/clublacbrome.com\/fr\/activitees-de-voile\/'  class='avia-button av-k76c1f4s-0ab232a2a9091444734cdad3c7e5038d av-link-btn avia-icon_select-yes-right-icon avia-size-x-large avia-position-center av-icon-on-hover avia-color-theme-color'   aria-label=\"Plus au programme de voile\"><span class='avia_iconbox_title' >Plus au programme de voile<\/span><span class='avia_button_icon avia_button_icon_right' aria-hidden='true' data-av_icon='\ue832' data-av_iconfont='entypo-fontello'><\/span><\/a><\/div><\/p>\n<\/div><\/div>\n<style type=\"text\/css\" data-created_by=\"avia_inline_auto\" id=\"style-css-av-13kty5-8e5e8b9db95277414c7dcaf4df83f483\">\n.flex_cell.av-13kty5-8e5e8b9db95277414c7dcaf4df83f483{\nvertical-align:middle;\nheight:500px;\nmin-height:500px;\nbackground:url(https:\/\/clublacbrome.com\/wp-content\/uploads\/2020\/03\/sailing-waving.jpg) 50% 50% no-repeat scroll #22689e;\n}\n.responsive #top #wrap_all .flex_cell.av-13kty5-8e5e8b9db95277414c7dcaf4df83f483{\npadding:0px 0px 0px 0px !important;\n}\n<\/style>\n<div class='flex_cell av-13kty5-8e5e8b9db95277414c7dcaf4df83f483 av-gridrow-cell av_one_half no_margin  avia-builder-el-18  el_after_av_cell_one_half  avia-builder-el-last  av-zero-padding avia-full-stretch'  ><div class='flex_cell_inner'><\/div><\/div>\n<\/div>\n<div id='av-layout-grid-3'  class='av-layout-grid-container av-z5k5h-79e57def437082f51fc43fe3365862c9 entry-content-wrapper main_color av-flex-cells  avia-builder-el-19  el_after_av_layout_row  el_before_av_layout_row  grid-row-not-first  container_wrap sidebar_right'  >\n\n<style type=\"text\/css\" data-created_by=\"avia_inline_auto\" id=\"style-css-av-ojmx9-c9e74a255ace3f3dc297f74cb32ebf4c\">\n.flex_cell.av-ojmx9-c9e74a255ace3f3dc297f74cb32ebf4c{\nvertical-align:middle;\nheight:500px;\nmin-height:500px;\nbackground:url(https:\/\/clublacbrome.com\/wp-content\/uploads\/2022\/06\/Tennis_1-2-400x300.jpg) 50% 50% no-repeat scroll #22689e;\n}\n.responsive #top #wrap_all .flex_cell.av-ojmx9-c9e74a255ace3f3dc297f74cb32ebf4c{\npadding:0px 0px 0px 0px !important;\n}\n<\/style>\n<div class='flex_cell av-ojmx9-c9e74a255ace3f3dc297f74cb32ebf4c av-gridrow-cell av_one_half no_margin  avia-builder-el-20  el_before_av_cell_one_half  avia-builder-el-first  av-zero-padding avia-full-stretch'  ><div class='flex_cell_inner'><\/div><\/div>\n<style type=\"text\/css\" data-created_by=\"avia_inline_auto\" id=\"style-css-av-nniad-fc2432fb0bac43fcccc4be73b95037f4\">\n.flex_cell.av-nniad-fc2432fb0bac43fcccc4be73b95037f4{\nvertical-align:middle;\nheight:500px;\nmin-height:500px;\nbackground-color:#22689e;\n}\n.responsive #top #wrap_all .flex_cell.av-nniad-fc2432fb0bac43fcccc4be73b95037f4{\npadding:80px 80px 80px 80px !important;\n}\n<\/style>\n<div class='flex_cell av-nniad-fc2432fb0bac43fcccc4be73b95037f4 av-gridrow-cell av_one_half no_margin  avia-builder-el-21  el_after_av_cell_one_half  avia-builder-el-last '  ><div class='flex_cell_inner'><p>\n<style type=\"text\/css\" data-created_by=\"avia_inline_auto\" id=\"style-css-av-rbz3-52cdb6910056b7f8d3792e6e9d71b489\">\n#top .av-special-heading.av-rbz3-52cdb6910056b7f8d3792e6e9d71b489{\npadding-bottom:25px;\ncolor:#ffffff;\nfont-size:34px;\n}\nbody .av-special-heading.av-rbz3-52cdb6910056b7f8d3792e6e9d71b489 .av-special-heading-tag .heading-char{\nfont-size:25px;\n}\n#top #wrap_all .av-special-heading.av-rbz3-52cdb6910056b7f8d3792e6e9d71b489 .av-special-heading-tag{\nfont-size:34px;\n}\n.av-special-heading.av-rbz3-52cdb6910056b7f8d3792e6e9d71b489 .special-heading-inner-border{\nborder-color:#ffffff;\n}\n.av-special-heading.av-rbz3-52cdb6910056b7f8d3792e6e9d71b489 .av-subheading{\nfont-size:15px;\n}\n\n@media only screen and (min-width: 480px) and (max-width: 767px){ \n#top #wrap_all .av-special-heading.av-rbz3-52cdb6910056b7f8d3792e6e9d71b489 .av-special-heading-tag{\nfont-size:0.8em;\n}\n}\n\n@media only screen and (max-width: 479px){ \n#top #wrap_all .av-special-heading.av-rbz3-52cdb6910056b7f8d3792e6e9d71b489 .av-special-heading-tag{\nfont-size:0.8em;\n}\n}\n<\/style>\n<div  class='av-special-heading av-rbz3-52cdb6910056b7f8d3792e6e9d71b489 av-special-heading-h3 custom-color-heading blockquote modern-quote  avia-builder-el-22  el_before_av_textblock  avia-builder-el-first  av-inherit-size'><h3 class='av-special-heading-tag '  itemprop=\"headline\"  >Camps tennis et Tournois<\/h3><div class=\"special-heading-border\"><div class=\"special-heading-inner-border\"><\/div><\/div><\/div><br \/>\n\n<style type=\"text\/css\" data-created_by=\"avia_inline_auto\" id=\"style-css-av-7sv2t-7ed7b875ae64491baf023c89bac76fe7\">\n#top .av_textblock_section.av-7sv2t-7ed7b875ae64491baf023c89bac76fe7 .avia_textblock{\ncolor:#ffffff;\n}\n<\/style>\n<section  class='av_textblock_section av-7sv2t-7ed7b875ae64491baf023c89bac76fe7 '   itemscope=\"itemscope\" itemtype=\"https:\/\/schema.org\/CreativeWork\" ><div class='avia_textblock av_inherit_color'  itemprop=\"text\" ><p><span class=\"VIiyi\" lang=\"fr\"><span class=\"JLqJ4b ChMk0b\" data-language-for-alternatives=\"fr\" data-language-to-translate-into=\"en\" data-phrase-index=\"0\" data-number-of-phrases=\"2\">Le Club Nautique du Lac Brome a un programme d&#8217;activit\u00e9s de tennis passionnant en r\u00e9serve pour vous cette ann\u00e9e, que vous soyez un d\u00e9butant ou un pro.<\/span> <span class=\"JLqJ4b ChMk0b\" data-language-for-alternatives=\"fr\" data-language-to-translate-into=\"en\" data-phrase-index=\"1\" data-number-of-phrases=\"2\">Alors, r\u00e9cup\u00e9rez votre raquette et vos souliers de tennis, et direction le Club nautique pour un \u00e9t\u00e9 de tennis exceptionnel!<\/span><\/span><\/p>\n<\/div><\/section><br \/>\n<div  class='avia-button-wrap av-k76c2fj0-4959957aeba1622270deb98a377809b0-wrap avia-button-center  avia-builder-el-24  el_after_av_textblock  avia-builder-el-last '><a href='https:\/\/clublacbrome.com\/fr\/tennis_fr\/'  class='avia-button av-k76c2fj0-4959957aeba1622270deb98a377809b0 av-link-btn avia-icon_select-yes-right-icon avia-size-x-large avia-position-center av-icon-on-hover avia-color-light'   aria-label=\"Plus sur le Tennis\"><span class='avia_iconbox_title' >Plus sur le Tennis<\/span><span class='avia_button_icon avia_button_icon_right' aria-hidden='true' data-av_icon='\ue832' data-av_iconfont='entypo-fontello'><\/span><\/a><\/div><\/p>\n<\/div><\/div>\n<\/div>\n<div id='av-layout-grid-4'  class='av-layout-grid-container av-1rsc6d-fdcb6eae35a22be49a70a9cecbd0412d entry-content-wrapper main_color av-flex-cells  avia-builder-el-25  el_after_av_layout_row  avia-builder-el-last  grid-row-not-first  container_wrap sidebar_right'  >\n\n<style type=\"text\/css\" data-created_by=\"avia_inline_auto\" id=\"style-css-av-1m8j9x-f13bd51c08ea5f5bce1229f5c4ea1e86\">\n.flex_cell.av-1m8j9x-f13bd51c08ea5f5bce1229f5c4ea1e86{\nvertical-align:middle;\nheight:500px;\nmin-height:500px;\n}\n.responsive #top #wrap_all .flex_cell.av-1m8j9x-f13bd51c08ea5f5bce1229f5c4ea1e86{\npadding:80px 80px 80px 80px !important;\n}\n<\/style>\n<div class='flex_cell av-1m8j9x-f13bd51c08ea5f5bce1229f5c4ea1e86 av-gridrow-cell av_one_half no_margin  avia-builder-el-26  el_before_av_cell_one_half  avia-builder-el-first '  ><div class='flex_cell_inner'><p>\n<style type=\"text\/css\" data-created_by=\"avia_inline_auto\" id=\"style-css-av-8l9nz-8795aa4a24a77ccb4305eea7eb95b6f2\">\n#top .av-special-heading.av-8l9nz-8795aa4a24a77ccb4305eea7eb95b6f2{\npadding-bottom:25px;\nfont-size:34px;\n}\nbody .av-special-heading.av-8l9nz-8795aa4a24a77ccb4305eea7eb95b6f2 .av-special-heading-tag .heading-char{\nfont-size:25px;\n}\n#top #wrap_all .av-special-heading.av-8l9nz-8795aa4a24a77ccb4305eea7eb95b6f2 .av-special-heading-tag{\nfont-size:34px;\n}\n.av-special-heading.av-8l9nz-8795aa4a24a77ccb4305eea7eb95b6f2 .av-subheading{\nfont-size:15px;\n}\n\n@media only screen and (min-width: 480px) and (max-width: 767px){ \n#top #wrap_all .av-special-heading.av-8l9nz-8795aa4a24a77ccb4305eea7eb95b6f2 .av-special-heading-tag{\nfont-size:0.8em;\n}\n}\n\n@media only screen and (max-width: 479px){ \n#top #wrap_all .av-special-heading.av-8l9nz-8795aa4a24a77ccb4305eea7eb95b6f2 .av-special-heading-tag{\nfont-size:0.8em;\n}\n}\n<\/style>\n<div  class='av-special-heading av-8l9nz-8795aa4a24a77ccb4305eea7eb95b6f2 av-special-heading-h3 blockquote modern-quote  avia-builder-el-27  el_before_av_textblock  avia-builder-el-first  av-inherit-size'><h3 class='av-special-heading-tag '  itemprop=\"headline\"  >Le camp de jour<\/h3><div class=\"special-heading-border\"><div class=\"special-heading-inner-border\"><\/div><\/div><\/div><br \/>\n<section  class='av_textblock_section av-19psf9-b6f4535b6af666da326fce0b81a95b94 '   itemscope=\"itemscope\" itemtype=\"https:\/\/schema.org\/CreativeWork\" ><div class='avia_textblock'  itemprop=\"text\" ><p>Le Club Nautique du Lac Brome propose un camp de jour unique, adapt\u00e9 \u00e0 l\u2019\u00e2ge de vos enfants et ax\u00e9 sur leurs champs d\u2019int\u00e9r\u00eat, leur bien-\u00eatre et leur bonheur.<\/p>\n<p>Les participants y passent toute la journ\u00e9e sous la supervision d\u2019une \u00e9quipe de moniteurs dynamiques, fiables et bilingues, et ce, dans un environnement s\u00e9curitaire.<\/p>\n<\/div><\/section><br \/>\n<div  class='avia-button-wrap av-k76c1f4s-20e78c772202b4ce6db8242384605e5e-wrap avia-button-center  avia-builder-el-29  el_after_av_textblock  avia-builder-el-last '><a href='https:\/\/clublacbrome.com\/fr\/le-camp-de-jour-du-club-nautique-du-lac-brome\/'  class='avia-button av-k76c1f4s-20e78c772202b4ce6db8242384605e5e av-link-btn avia-icon_select-yes-right-icon avia-size-x-large avia-position-center av-icon-on-hover avia-color-theme-color'   aria-label=\"Regardez nos camps de jours\"><span class='avia_iconbox_title' >Regardez nos camps de jours<\/span><span class='avia_button_icon avia_button_icon_right' aria-hidden='true' data-av_icon='\ue832' data-av_iconfont='entypo-fontello'><\/span><\/a><\/div><\/p>\n<\/div><\/div>\n<style type=\"text\/css\" data-created_by=\"avia_inline_auto\" id=\"style-css-av-13kty5-d33a4c4678f5838f2cb41ca52b779f5f\">\n.flex_cell.av-13kty5-d33a4c4678f5838f2cb41ca52b779f5f{\nvertical-align:middle;\nheight:500px;\nmin-height:500px;\nbackground:url(https:\/\/clublacbrome.com\/wp-content\/uploads\/2020\/03\/races-swimming.jpg) 50% 50% no-repeat scroll #22689e;\n}\n.responsive #top #wrap_all .flex_cell.av-13kty5-d33a4c4678f5838f2cb41ca52b779f5f{\npadding:0px 0px 0px 0px !important;\n}\n<\/style>\n<div class='flex_cell av-13kty5-d33a4c4678f5838f2cb41ca52b779f5f av-gridrow-cell av_one_half no_margin  avia-builder-el-30  el_after_av_cell_one_half  avia-builder-el-last  av-zero-padding avia-full-stretch'  ><div class='flex_cell_inner'><\/div><\/div>\n<\/div>\n","protected":false},"excerpt":{"rendered":"","protected":false},"author":1,"featured_media":0,"parent":0,"menu_order":0,"comment_status":"closed","ping_status":"closed","template":"","meta":{"footnotes":""},"class_list":["post-231","page","type-page","status-publish","hentry"],"_links":{"self":[{"href":"https:\/\/clublacbrome.com\/fr\/wp-json\/wp\/v2\/pages\/231","targetHints":{"allow":["GET"]}}],"collection":[{"href":"https:\/\/clublacbrome.com\/fr\/wp-json\/wp\/v2\/pages"}],"about":[{"href":"https:\/\/clublacbrome.com\/fr\/wp-json\/wp\/v2\/types\/page"}],"author":[{"embeddable":true,"href":"https:\/\/clublacbrome.com\/fr\/wp-json\/wp\/v2\/users\/1"}],"replies":[{"embeddable":true,"href":"https:\/\/clublacbrome.com\/fr\/wp-json\/wp\/v2\/comments?post=231"}],"version-history":[{"count":8,"href":"https:\/\/clublacbrome.com\/fr\/wp-json\/wp\/v2\/pages\/231\/revisions"}],"predecessor-version":[{"id":20319,"href":"https:\/\/clublacbrome.com\/fr\/wp-json\/wp\/v2\/pages\/231\/revisions\/20319"}],"wp:attachment":[{"href":"https:\/\/clublacbrome.com\/fr\/wp-json\/wp\/v2\/media?parent=231"}],"curies":[{"name":"wp","href":"https:\/\/api.w.org\/{rel}","templated":true}]}}