{"id":25,"date":"2013-02-18T11:36:42","date_gmt":"2013-02-18T16:36:42","guid":{"rendered":"https:\/\/clublacbrome.com\/?page_id=25"},"modified":"2022-02-16T16:50:11","modified_gmt":"2022-02-16T21:50:11","slug":"les-nombreux-attraits-du-lac-brome","status":"publish","type":"page","link":"https:\/\/clublacbrome.com\/fr\/les-nombreux-attraits-du-lac-brome\/","title":{"rendered":"Natation"},"content":{"rendered":"<p><span style=\"line-height: 1.714285714;\">Une aire de baignade s\u00e9curis\u00e9e de 160 m sur sur une plabe de sable dam\u00e9, le CNLB est l&#8217;endroit id\u00e9al pour venir jouer en famille.\u00a0 Nous offrons \u00e0 nos membres:<\/span><\/p>\n<ul>\n<li>Ma\u00eetres-nageurs accr\u00e9dit\u00e9s en service sept jours sur sept.<\/li>\n<li>Radeaux ancr\u00e9s et grands quais \u00e0 l&#8217;usage des nageurs.<\/li>\n<li>Zone de baignade prot\u00e9g\u00e9e avec plage de sable en pente douce.<\/li>\n<li>Tables de pique-nique \u00e0 l&#8217;ombre et chaises Adirondack.<\/li>\n<li>Planches \u00e0 pagaies, cano\u00e9s et embarcations pour les tout-petits.<\/li>\n<li>Vues imprenables &#8211; sp\u00e9cialement pour voir le coucher du soleil.<\/li>\n<\/ul>\n<p><a href=\"https:\/\/clublacbrome.com\/wp-content\/uploads\/2013\/02\/IMG_5479.jpg\"><img decoding=\"async\" class=\"alignright size-medium wp-image-1436\" src=\"https:\/\/clublacbrome.com\/wp-content\/uploads\/2013\/02\/IMG_5479-400x266.jpg\" alt=\"IMG_5479\" width=\"400\" height=\"266\" srcset=\"https:\/\/clublacbrome.com\/wp-content\/uploads\/2013\/02\/IMG_5479-400x266.jpg 400w, https:\/\/clublacbrome.com\/wp-content\/uploads\/2013\/02\/IMG_5479-525x350.jpg 525w, https:\/\/clublacbrome.com\/wp-content\/uploads\/2013\/02\/IMG_5479-624x416.jpg 624w, https:\/\/clublacbrome.com\/wp-content\/uploads\/2013\/02\/IMG_5479.jpg 1024w\" sizes=\"(max-width: 400px) 100vw, 400px\" \/><\/a><\/p>\n<p>&nbsp;<\/p>\n","protected":false},"excerpt":{"rendered":"<p>Une aire de baignade s\u00e9curis\u00e9e de 160 m sur sur une plabe de sable dam\u00e9, le CNLB est l&#8217;endroit id\u00e9al pour venir jouer en famille.\u00a0 Nous offrons \u00e0 nos membres: [&hellip;]<\/p>\n","protected":false},"author":1,"featured_media":0,"parent":0,"menu_order":0,"comment_status":"closed","ping_status":"closed","template":"","meta":{"footnotes":""},"class_list":["post-25","page","type-page","status-publish","hentry"],"_links":{"self":[{"href":"https:\/\/clublacbrome.com\/fr\/wp-json\/wp\/v2\/pages\/25","targetHints":{"allow":["GET"]}}],"collection":[{"href":"https:\/\/clublacbrome.com\/fr\/wp-json\/wp\/v2\/pages"}],"about":[{"href":"https:\/\/clublacbrome.com\/fr\/wp-json\/wp\/v2\/types\/page"}],"author":[{"embeddable":true,"href":"https:\/\/clublacbrome.com\/fr\/wp-json\/wp\/v2\/users\/1"}],"replies":[{"embeddable":true,"href":"https:\/\/clublacbrome.com\/fr\/wp-json\/wp\/v2\/comments?post=25"}],"version-history":[{"count":5,"href":"https:\/\/clublacbrome.com\/fr\/wp-json\/wp\/v2\/pages\/25\/revisions"}],"predecessor-version":[{"id":17847,"href":"https:\/\/clublacbrome.com\/fr\/wp-json\/wp\/v2\/pages\/25\/revisions\/17847"}],"wp:attachment":[{"href":"https:\/\/clublacbrome.com\/fr\/wp-json\/wp\/v2\/media?parent=25"}],"curies":[{"name":"wp","href":"https:\/\/api.w.org\/{rel}","templated":true}]}}