{"id":548,"date":"2013-02-26T15:28:56","date_gmt":"2013-02-26T20:28:56","guid":{"rendered":"https:\/\/clublacbrome.com\/?page_id=548"},"modified":"2025-11-11T11:29:19","modified_gmt":"2025-11-11T16:29:19","slug":"camp-de-voile","status":"publish","type":"page","link":"https:\/\/clublacbrome.com\/fr\/camp-de-voile\/","title":{"rendered":"Camp de voile"},"content":{"rendered":"<p><span class=\"s1\">L\u2019\u00c9cole de Voile du CNLB est fi<img decoding=\"async\" class=\"wp-image-11735 size-medium alignright\" src=\"https:\/\/clublacbrome.com\/wp-content\/uploads\/2013\/02\/19800829_1760151773999591_4438768593202192512_o-400x267.jpg\" alt=\"\" width=\"400\" height=\"267\" srcset=\"https:\/\/clublacbrome.com\/wp-content\/uploads\/2013\/02\/19800829_1760151773999591_4438768593202192512_o-400x267.jpg 400w, https:\/\/clublacbrome.com\/wp-content\/uploads\/2013\/02\/19800829_1760151773999591_4438768593202192512_o-768x512.jpg 768w, https:\/\/clublacbrome.com\/wp-content\/uploads\/2013\/02\/19800829_1760151773999591_4438768593202192512_o.jpg 1024w, https:\/\/clublacbrome.com\/wp-content\/uploads\/2013\/02\/19800829_1760151773999591_4438768593202192512_o-525x350.jpg 525w, https:\/\/clublacbrome.com\/wp-content\/uploads\/2013\/02\/19800829_1760151773999591_4438768593202192512_o-624x416.jpg 624w\" sizes=\"(max-width: 400px) 100vw, 400px\" \/>\u00e8re de ses r\u00e9ussites r\u00e9centes. En 2013, notre entra\u00eeneur-chef Simon Altman a re\u00e7u le prix de l\u2019<b>Enseignant de l\u2019Ann\u00e9e<\/b>. Ce troph\u00e9e vise \u00e0 encourager l&#8217;entra\u00eeneur ou l&#8217;enseignant qui s&#8217;est le plus engag\u00e9 dans le d\u00e9veloppement de la voile et qui a fait preuve de d\u00e9termination, d&#8217;initiative et d&#8217;un bon sens de l&#8217;organisation dans la gestion pratique, technique et humaine du sport. En 2014, l\u2019\u00c9quipe de Course du CNLB fut la r\u00e9cipiendaire de la banni\u00e8re du <b>Meilleur Esprit Sportif<\/b> lors de la 49i\u00e8me Finale des Jeux du Qu\u00e9bec tenue \u00e0 Longueuil. Cette m\u00eame ann\u00e9e, notre \u00e9cole de\u00a0 voile est d\u00e9clar\u00e9e laur\u00e9ate du prix du <b>Club\/\u00c9cole de l\u2019Ann\u00e9e<\/b> par la F\u00e9d\u00e9ration de Voile du Qu\u00e9bec. Ce troph\u00e9e vise \u00e0 encourager le dynamisme des clubs et \u00e9coles et \u00e0 souligner les actions sp\u00e9ciales d&#8217;un club ou d&#8217;une \u00e9cole pendant une ann\u00e9e. <\/span><\/p>\n<p>&nbsp;<\/p>\n<h2><strong>Exigences g\u00e9n\u00e9ral du programme de voile<\/strong><\/h2>\n<ul>\n<li>Nager 15 m\u00e8tres sans assistance<\/li>\n<li>Apporter votre propre veste de sauvetage ou VFI (v\u00eatement de flottaison individuelle), il doit \u00eatre de taille appropri\u00e9e pour votre enfant et approuv\u00e9 par Transport Canada. Vous pouvez vous procurer un VFI dans un magasin de sports et de plein air ou un d\u00e9taillant sp\u00e9cialis\u00e9 en produits nautiques.<\/li>\n<li>V\u00eatements requis\n<ul>\n<li>souliers ferm\u00e9s<\/li>\n<li>imperm\u00e9able<\/li>\n<li>chapeau, cr\u00e8me solaire et serviette<\/li>\n<li>ensemble de v\u00eatements de rechange complet<\/li>\n<li>wet suit (recommand\u00e9)<\/li>\n<li>lunettes soleil<\/li>\n<\/ul>\n<\/li>\n<li>Apporter une collation <strong>sans noix et arachides<\/strong> et une bouteille d\u2019eau r\u00e9utilisable<\/li>\n<\/ul>\n<p>&nbsp;<\/p>\n<div><strong style=\"font-size: 20px;\">Programme de voile junior ( de 5 \u00e0 17 ans)<\/strong><\/div>\n<div><\/div>\n<p>Le Club Nautique du Lac Brome offre un Programme de Voile Junior, pour nos membres et non-membres, destin\u00e9 aux enfants et adolescents de tous niveaux et habilet\u00e9s. Veuillez que les frais de camp sont admissibles en tant que frais de garde pour l&#8217;imp\u00f4t des particuliers. Les relev\u00e9s appropri\u00e9s sont \u00e9mis. Tout participants doivent\u00a0<span class=\"s1\">\u00eatre<\/span> pay\u00e9 une cotisation de membre de la F\u00e9d\u00e9ration de Voile du Qu\u00e9bec.<\/p>\n<div><strong>Jardin Nautique<\/strong><\/div>\n<p>Un programme sp\u00e9cifique pour les enfants \u00e2g\u00e9s de 5 \u00e0 7 ans. Les instructeurs am\u00e8neront l\u2019enfant \u00e0 d\u00e9couvrir le monde marin et vivre ses premi\u00e8res exp\u00e9riences \u00e0 bord d\u2019une embarcation dans un cadre s\u00e9curitaire et amusant. Les groupes sont constitu\u00e9s de six participants au maximum et ils naviguent sur des embarcations optimistes. Le Jardin Nautique est con\u00e7u afin que les jeunes marins deviennent confortables sur l\u2019eau et qu&#8217;ils vivent une exp\u00e9rience positive du sport de la voile . La dur\u00e9e du cours ne garantit pas l&#8217;obtention du niveau Voile CAN, mais elle permettra au marin de progresser au niveau suivant de voile d\u00e9butante.<\/p>\n<p><strong>Voile d\u00e9butante<\/strong><\/p>\n<div>\n<p>Un programme d\u2019introduction \u00e0 la voile pour les enfants \u00e2g\u00e9s de 8 \u00e0 17 ans. Le cours de Voile D\u00e9butante est destin\u00e9 aux enfants qui n\u2019ont pas ou peu d\u2019exp\u00e9rience de voile. L\u2019enfant apprendra \u00e0 man\u0153uvrer et faire avancer son voilier de fa\u00e7on s\u00e9curitaire. Les groupes sont compos\u00e9s de 8 enfants maximum.\u00a0 Les cours permettent de d\u00e9velopper les habilet\u00e9s de l&#8217;enfant et sa capacit\u00e9 de manoeuvrer son embarcation avec confiance et ind\u00e9pendance.\u00a0 La dur\u00e9e du cours ne garantit pas l&#8217;obtention du niveau Voile CAN, mais permettra au marin de progresser dans ce m\u00eame niveau.<\/p>\n<p><strong>Voile interm\u00e9diaire<\/strong><\/p>\n<p>Voici un cours plus avanc\u00e9 pour ceux qui ont compl\u00e9t\u00e9 le programme de Voile D\u00e9butante ou qui ont obtenu leur certificat CANSail niveau 2.\u00a0 Le programme de Voile Interm\u00e9diaire est destin\u00e9 aux participants d\u00e9sirant perfectionner leurs habilet\u00e9s et s\u2019initier \u00e0 la r\u00e9gate. Les groupes sont compos\u00e9s de 8 participants maximum. Le participant apprendra \u00e0 naviguer plus vite et \u00e0 optimiser les r\u00e9glages de son voilier. De plus, il apprendra les rudiments et strat\u00e9gies de la course en voile d\u00e9riveur. Le participant pourra\u00eet optenir son niveau VoileCAN 3 ou VoileCAN4, si les habilet\u00e9s sont d\u00e9montr\u00e9es en classe.<\/p>\n<h2><strong>Programme de course junior<\/strong><\/h2>\n<p>&nbsp;<\/p>\n<p>La comp\u00e9tition est une fa\u00e7on sociale et excitante de d\u00e9velopper les habilet\u00e9s de voile. Le Programme de Course Junior donne un ayant le go\u00fbt de l\u2019autonomie, de l\u2019entraide et du d\u00e9passement de soi, le perfectionnement des manoeuvres techniques de la r\u00e9gate.\u00a0 Des vid\u00e9os de r\u00e9gattes sont analys\u00e9s pour explorer les r\u00e8gles de courses, la tactique et la strat\u00e9gie. Aucune exp\u00e9rience de course n\u2019est requise. Les seuls pr\u00e9-requis sont l\u2019amour de l\u2019eau et le d\u00e9sir d\u2019apprendre de nouvelles habilet\u00e9s. Les athl\u00e8tes pourront participer \u00e0 des r\u00e9gates locales, r\u00e9gionales et nationales.<\/p>\n<p>Les frais de camp sont admissibles au relev\u00e9 de garde pour l&#8217;imp\u00f4t des particuliers.\u00a0 Les participants doivent payer la cotisation de membre de la F\u00e9d\u00e9ration de Voile du Qu\u00e9bec.<\/p>\n<h2><strong>Apprentissage de la r\u00e9gate<\/strong><\/h2>\n<p>Dans le stage Apprentissage de la R\u00e9gate, l\u2019enfant apprendra les notions de base de la r\u00e9gate en voilier. Il participera \u00e0 l\u2019entra\u00eenement et \u00e0 la comp\u00e9tition dans un petit groupe et \u00e0 son rythme sous la supervision de l\u2019un de nos entra\u00eeneurs d\u00e9di\u00e9s \u00e0 l\u2019\u00e9quipe de course. Pour les enfants qui n\u2019ont peu ou pas d\u2019exp\u00e9rience en course, mais qui aiment \u00eatre sur l\u2019eau et dont l\u2019int\u00e9r\u00eat est grandissant pour le sport de la voile. Les groupes sont compos\u00e9s de 8 enfants au maximum, le niveau CANSail -2 pr\u00e9requis pour s&#8217;inscrire au programme.<\/p>\n<p><strong>\u00c9quipe de Course<\/strong><\/p>\n<p>Pour les mordus de la voile, l\u2019\u00c9quipe de Course offre un programme d\u2019entra\u00eenement et de comp\u00e9tition en voile d\u00e9riveur Optimiste et Laser.\u00a0 Des entra\u00eeneurs qualifi\u00e9s et d\u00e9di\u00e9s \u00e0 la course accompagnent les athl\u00e8tes dans le but de perfectionner leurs techniques, de d\u00e9velopper leur condition physique et pr\u00e9paration mentale. Les apprentissages seront progressifs et les objectifs adapt\u00e9s aux niveaux des jeunes. Les coureurs d\u00e9butants se joindront \u00e0 la Flotte Verte alors que les coureurs qui d\u00e9tiennent plus d\u2019exp\u00e9rience de course feront partie de la Championship Fleet.\u00a0 Le niveau CANSail 2 est requis pour s&#8217;inscrire avec l&#8217;\u00e9quipe. Les groupes sont compos\u00e9s de 8 participants au maximum et une inscription de deux semaines est recommand\u00e9e.<\/p>\n<h3>Camp de voile des filles<\/h3>\n<p><span style=\"font-weight: 400;\">Le Club Nautique du Lac Brome est fier d&#8217;offrir en 2024 la premi\u00e8re \u00e9dition du <\/span><b>Camp de voile 100% F\u00e9minin<\/b><span style=\"font-weight: 400;\">! Le camp\u00a0est destin\u00e9 aux navigatrices en herbes qui sont admissibles \u00e0 la division f\u00e9minine de voile*, \u00e2g\u00e9es de 8 \u00e0 13 ans.\u00a0<\/span><\/p>\n<p><span style=\"font-weight: 400;\">Ce camp est ouvert \u00e0 toutes les habilet\u00e9s, de d\u00e9butant \u00e0 avanc\u00e9, <\/span><span style=\"font-weight: 400;\">sans p<\/span><span style=\"font-weight: 400;\">r\u00e9-requis n\u00e9cessaire. <\/span><span style=\"font-weight: 400;\">Notre objectif est d\u2019inspirer les filles \u00e0 pratiquer le sport de la voile, de s\u2019amuser et de cr\u00e9er des amiti\u00e9s. <\/span><span style=\"font-weight: 400;\">Si tu as 14 ans et plus et que le voile t&#8217;int\u00e9resse, \u00e9cris-nous \u00e0 <a href=\"mailto:manager@clublacbrome.com\">manager@clublacbrome.com<\/a>! Nous avons s\u00fbrement une place ou un r\u00f4le pour toi.<\/span><\/p>\n<p><span style=\"font-weight: 400;\">Le projet <\/span><b>Voile au F\u00e9minin<\/b><span style=\"font-weight: 400;\"> est fond\u00e9 sur la conviction que la voile est une v\u00e9ritable source de lib\u00e9ration, de joie et d&#8217;\u00e9panouissement personnel. Le sentiment de libert\u00e9, la glisse et la navigation sur les vagues sont autant de sensations uniques qu&#8217;offre la voile. En promouvant activement l&#8217;inclusion et en offrant des opportunit\u00e9s \u00e9quitables d&#8217;acc\u00e8s \u00e0 la voile, nous aspirons \u00e0 cr\u00e9er une communaut\u00e9 de voile diversifi\u00e9e, dynamique et v\u00e9ritablement repr\u00e9sentative de la population qu\u00e9b\u00e9coise.<\/span><\/p>\n<p><span style=\"font-weight: 400;\">La Voile au F\u00e9minin est une initiative du CNLB. Ce projet est rendu possible gr\u00e2ce aux subventions de Voile Canada, Qu\u00e9bec Sport, \u00c9gale Action et la F\u00e9d\u00e9ration de voile du Qu\u00e9bec. Jetez un coup d&#8217;\u0153il \u00e0 l&#8217;article \u00e9crit \u00e0 propos de cette initiative sur <\/span><a href=\"https:\/\/clublacbrome.us6.list-manage.com\/track\/click?u=5f789b4f621bc9729498adb04&amp;id=f8b30dd497&amp;e=385cc807d2\"><span style=\"font-weight: 400;\">le blogue d&#8217;\u00c9gale Action.<\/span><\/a><\/p>\n<p>&nbsp;<\/p>\n<p>&nbsp;<\/p>\n<p style=\"text-align: center;\"><b>Voile au f\u00e9minin <\/b><b>Camp de voile &#8211; 100% F\u00e9minin (bilingue)<\/b><b><br \/>\n<\/b><b>Lieu : <\/b><span style=\"font-weight: 400;\">Club Nautique du Lac Brome, <\/span><span style=\"font-weight: 400;\">221 Rue Lakeside, Ville Lac-Brome (QC) J0E 1V0<\/span><b><br \/>\n<\/b><b>Date :<\/b>Les dates du camp seront annonc\u00e9es au courant de la nouvelle ann\u00e9e.<span style=\"font-weight: 400;\"><br \/>\n<\/span><span style=\"font-weight: 400;\"><br \/>\n<\/span><b>Information: <\/b><a href=\"mailto:manager@clublacbrome.com\"><span style=\"font-weight: 400;\">manager@clublacbrome.com<\/span><\/a><span style=\"font-weight: 400;\"> \/<\/span><span style=\"font-weight: 400;\"> t\u00e9l. : (450) 243-5231<\/span><\/p>\n<p style=\"text-align: left;\"><i><span style=\"font-weight: 400;\">*Remarque : les personnes cis, trans et non-binaires sont toutes les bienvenues. L&#8217;objectif de ce programme est de favoriser la participation des minorit\u00e9s de genre \u00e0 la voile !<\/span><\/i><\/p>\n<\/div>\n<p>Pour les inscriptions aux camps:<\/p>\n<span class='mb-center maxbutton-3-center'><span class='maxbutton-3-container mb-container'><a class=\"maxbutton-3 maxbutton maxbutton-camp-du-jour-inscriptions\" href=\"https:\/\/clublacbrome.com\/fr\/inscription-au-camp\/\"><span class=\"mb-icon\"><img decoding=\"async\" class=\"mb-img\" src=\"https:\/\/clublacbrome.com\/wp-content\/plugins\/maxbuttons-pro\/packs\/monochrome-call-to-action\/order.png\" alt=\"\" border=\"0\" \/><\/span><span class='mb-text' >Inscription au camp<\/span><\/a><\/span><\/span>\n","protected":false},"excerpt":{"rendered":"<p>L\u2019\u00c9cole de Voile du CNLB est fi\u00e8re de ses r\u00e9ussites r\u00e9centes. En 2013, notre entra\u00eeneur-chef Simon Altman a re\u00e7u le prix de l\u2019Enseignant de l\u2019Ann\u00e9e. Ce troph\u00e9e vise \u00e0 encourager [&hellip;]<\/p>\n","protected":false},"author":4,"featured_media":0,"parent":0,"menu_order":0,"comment_status":"closed","ping_status":"closed","template":"","meta":{"footnotes":""},"class_list":["post-548","page","type-page","status-publish","hentry"],"_links":{"self":[{"href":"https:\/\/clublacbrome.com\/fr\/wp-json\/wp\/v2\/pages\/548","targetHints":{"allow":["GET"]}}],"collection":[{"href":"https:\/\/clublacbrome.com\/fr\/wp-json\/wp\/v2\/pages"}],"about":[{"href":"https:\/\/clublacbrome.com\/fr\/wp-json\/wp\/v2\/types\/page"}],"author":[{"embeddable":true,"href":"https:\/\/clublacbrome.com\/fr\/wp-json\/wp\/v2\/users\/4"}],"replies":[{"embeddable":true,"href":"https:\/\/clublacbrome.com\/fr\/wp-json\/wp\/v2\/comments?post=548"}],"version-history":[{"count":8,"href":"https:\/\/clublacbrome.com\/fr\/wp-json\/wp\/v2\/pages\/548\/revisions"}],"predecessor-version":[{"id":20212,"href":"https:\/\/clublacbrome.com\/fr\/wp-json\/wp\/v2\/pages\/548\/revisions\/20212"}],"wp:attachment":[{"href":"https:\/\/clublacbrome.com\/fr\/wp-json\/wp\/v2\/media?parent=548"}],"curies":[{"name":"wp","href":"https:\/\/api.w.org\/{rel}","templated":true}]}}