{"id":575,"date":"2013-02-26T06:13:02","date_gmt":"2013-02-26T11:13:02","guid":{"rendered":"https:\/\/clublacbrome.com\/?page_id=575"},"modified":"2025-03-25T16:40:14","modified_gmt":"2025-03-25T20:40:14","slug":"le-camp-de-jour-du-club-nautique-du-lac-brome","status":"publish","type":"page","link":"https:\/\/clublacbrome.com\/fr\/le-camp-de-jour-du-club-nautique-du-lac-brome\/","title":{"rendered":"Camp de jour"},"content":{"rendered":"<p>Le Club Nautique du Lac Brome propose un camp de jour unique, adapt\u00e9<br \/>\naux enfants \u00e2g\u00e9s de 4 \u00e0 13 ans.<br \/>\n<img decoding=\"async\" class=\"alignright size-medium wp-image-8909\" src=\"https:\/\/clublacbrome.com\/wp-content\/uploads\/2017\/03\/img_6874-400x267.jpg\" alt=\"IMG_6874\" width=\"400\" height=\"267\" srcset=\"https:\/\/clublacbrome.com\/wp-content\/uploads\/2017\/03\/img_6874-400x267.jpg 400w, https:\/\/clublacbrome.com\/wp-content\/uploads\/2017\/03\/img_6874-768x512.jpg 768w, https:\/\/clublacbrome.com\/wp-content\/uploads\/2017\/03\/img_6874.jpg 1024w, https:\/\/clublacbrome.com\/wp-content\/uploads\/2017\/03\/img_6874-525x350.jpg 525w, https:\/\/clublacbrome.com\/wp-content\/uploads\/2017\/03\/img_6874-624x416.jpg 624w\" sizes=\"(max-width: 400px) 100vw, 400px\" \/><\/p>\n<p>Les participants y passent toute la journ\u00e9e (entre 9h et 15h) sous la supervision d\u2019une \u00e9quipe de moniteurs dynamiques, fiables et bilingues, dans un environnement s\u00e9curitaire et ax\u00e9 sur la famille.<\/p>\n<p>Le camp de jour offre une vaste gamme d\u2019activit\u00e9s, notamment la voile, le canotage, le tennis, la natation, le soccer, le volleyball et les arts plastiques.<\/p>\n<p><strong>Le CNLB favorise un environnement sans arachide et de prudence au soleil<\/strong><\/p>\n<div>\n<p><strong>Liste des items \u00e0 apporter au camp de Jour:<\/strong><\/p>\n<ul>\n<li>Un lunch et une collation<\/li>\n<li>Bouteille d&#8217;eau<\/li>\n<li>Cr\u00e8me solaire<\/li>\n<li>Chapeau<\/li>\n<li>Maillot de bain<\/li>\n<li>Serviette<\/li>\n<li>Chandail<\/li>\n<li>V\u00eatements de rechange<\/li>\n<li>V\u00eatements de tennis (blanc et bleu marin) &#8211; v\u00eatements du CNLB peuvent \u00eatre achet\u00e9s au bureau, selon qu&#8217;il reste des inventaires.<\/li>\n<li>Raquettes de tenis<\/li>\n<li>Chaussures de tennis adapt\u00e9e\u00a0\u00e0 la surface<\/li>\n<\/ul>\n<p>Pour plus de pr\u00e9cisions sur nos camps et activit\u00e9s, veuillez communiquer vos questions \u00e0 l\u2019adresse <a href=\"mailto:info@clublacbrome.com\">info@clublacbrome.com<\/a><\/p>\n<p>Pour les inscriptions aux camps:<\/p>\n<span class='mb-center maxbutton-3-center'><span class='maxbutton-3-container mb-container'><a class=\"maxbutton-3 maxbutton maxbutton-camp-du-jour-inscriptions\" href=\"https:\/\/clublacbrome.com\/fr\/inscription-au-camp\/\"><span class=\"mb-icon\"><img decoding=\"async\" class=\"mb-img\" src=\"https:\/\/clublacbrome.com\/wp-content\/plugins\/maxbuttons-pro\/packs\/monochrome-call-to-action\/order.png\" alt=\"\" border=\"0\" \/><\/span><span class='mb-text' >Inscription au camp<\/span><\/a><\/span><\/span>\n<\/div>\n","protected":false},"excerpt":{"rendered":"<p>Le Club Nautique du Lac Brome propose un camp de jour unique, adapt\u00e9 aux enfants \u00e2g\u00e9s de 4 \u00e0 13 ans. Les participants y passent toute la journ\u00e9e (entre 9h [&hellip;]<\/p>\n","protected":false},"author":4,"featured_media":0,"parent":0,"menu_order":0,"comment_status":"closed","ping_status":"closed","template":"","meta":{"footnotes":""},"class_list":["post-575","page","type-page","status-publish","hentry"],"_links":{"self":[{"href":"https:\/\/clublacbrome.com\/fr\/wp-json\/wp\/v2\/pages\/575","targetHints":{"allow":["GET"]}}],"collection":[{"href":"https:\/\/clublacbrome.com\/fr\/wp-json\/wp\/v2\/pages"}],"about":[{"href":"https:\/\/clublacbrome.com\/fr\/wp-json\/wp\/v2\/types\/page"}],"author":[{"embeddable":true,"href":"https:\/\/clublacbrome.com\/fr\/wp-json\/wp\/v2\/users\/4"}],"replies":[{"embeddable":true,"href":"https:\/\/clublacbrome.com\/fr\/wp-json\/wp\/v2\/comments?post=575"}],"version-history":[{"count":8,"href":"https:\/\/clublacbrome.com\/fr\/wp-json\/wp\/v2\/pages\/575\/revisions"}],"predecessor-version":[{"id":20287,"href":"https:\/\/clublacbrome.com\/fr\/wp-json\/wp\/v2\/pages\/575\/revisions\/20287"}],"wp:attachment":[{"href":"https:\/\/clublacbrome.com\/fr\/wp-json\/wp\/v2\/media?parent=575"}],"curies":[{"name":"wp","href":"https:\/\/api.w.org\/{rel}","templated":true}]}}