{"id":63,"date":"2013-02-18T12:38:13","date_gmt":"2013-02-18T17:38:13","guid":{"rendered":"https:\/\/clublacbrome.com\/?page_id=63"},"modified":"2024-05-26T09:38:25","modified_gmt":"2024-05-26T13:38:25","slug":"contactez-nous","status":"publish","type":"page","link":"https:\/\/clublacbrome.com\/fr\/contactez-nous\/","title":{"rendered":"Contactez-nous"},"content":{"rendered":"<p>Le club est localis\u00e9 au 221 Lakeside Road in Knowlton, Qu\u00e9bec, J0E1V0 (<a href=\"https:\/\/goo.gl\/maps\/ZYo9ez3NykUNgV9z8\">Google Maps Link<\/a>)<\/p>\n<h2>Information g\u00e9n\u00e9ral<\/h2>\n<p><a href=\"mailto:info@clublacbrome.com\">info@clublacbrome.com<\/a><\/p>\n<p><strong>(450) 243-5231<\/strong><\/p>\n<h2>Directeur du club<\/h2>\n<p><a href=\"mailto:manager@clublacbrome.com\">manager@clublacbrome.com<\/a><\/p>\n<div id=\"MailChimp\"><\/div>\n<p><strong style=\"font-size: 28px;\">Adresse Postale<\/strong><\/p>\n<div>\n<p>Club Nautique du Lac Brome (1991) inc<br \/>\n221 Chemin Lakeside<br \/>\nKnowlton Qc<br \/>\nJ0E 1V0<\/p>\n<\/div>\n<h2 id=\"MailChimp\">Restez en contact<\/h2>\n<p>Inscrivez-vous \u00e0 notre liste d&#8217;envois pour vous tenir au courant des \u00e9v\u00e9nements, des mises \u00e0 jour de politiques et autres nouvelles.<br \/>\nVous pouvez vous d\u00e9sinscrire \u00e0 tout moment en cliquant sur le lien de d\u00e9sabonnement dans le pied de page de chaque annonce par courriel.<\/p>\n<p><!-- Begin Mailchimp Signup Form --><\/p>\n<style type=\"text\/css\">\n\t#mc_embed_signup{background:#fff; clear:left; font:14px Helvetica,Arial,sans-serif;  width:600px;}<br \/>\t\/* Add your own Mailchimp form style overrides in your site stylesheet or in this style block.<br \/>\t   We recommend moving this block and the preceding CSS link to the HEAD of your HTML file. *\/<br \/><\/style>\n<div id=\"mc_embed_signup\">\n<form id=\"mc-embedded-subscribe-form\" class=\"validate\" action=\"https:\/\/clublacbrome.us6.list-manage.com\/subscribe\/post?u=5f789b4f621bc9729498adb04&amp;id=24951e8016\" method=\"post\" name=\"mc-embedded-subscribe-form\" novalidate=\"\" target=\"_blank\">\n<div id=\"mc_embed_signup_scroll\">\n<h2>Restez inform\u00e9s<\/h2>\n<div class=\"indicates-required\">\n<p><span class=\"asterisk\">*<\/span> informations requises*<\/p>\n<\/div>\n<div class=\"mc-field-group\"><label for=\"mce-EMAIL\"><span class=\"asterisk\">Courriel*<\/span><br \/>\n<\/label><br \/>\n<input id=\"mce-EMAIL\" class=\"required email\" name=\"EMAIL\" type=\"email\" value=\"\" \/><\/div>\n<div class=\"mc-field-group\"><label for=\"mce-FNAME\"><span class=\"asterisk\">Pr\u00e9nom*<\/span><br \/>\n<\/label><br \/>\n<input id=\"mce-FNAME\" class=\"required\" name=\"FNAME\" type=\"text\" value=\"\" \/><\/div>\n<div class=\"mc-field-group\"><label for=\"mce-LNAME\"><span class=\"asterisk\">Nom*<\/span><br \/>\n<\/label><br \/>\n<input id=\"mce-LNAME\" class=\"required\" name=\"LNAME\" type=\"text\" value=\"\" \/><\/div>\n<div id=\"mce-responses\" class=\"clear\">\n<div id=\"mce-error-response\" class=\"response\" style=\"display: none;\"><\/div>\n<div id=\"mce-success-response\" class=\"response\" style=\"display: none;\"><\/div>\n<\/div>\n<p><!-- real people should not fill this in and expect good things - do not remove this or risk form bot signups--><\/p>\n<div style=\"position: absolute; left: -5000px;\" aria-hidden=\"true\"><input tabindex=\"-1\" name=\"b_5f789b4f621bc9729498adb04_24951e8016\" type=\"text\" value=\"\" \/><\/div>\n<div class=\"clear\"><input id=\"mc-embedded-subscribe\" class=\"button\" name=\"subscribe\" type=\"submit\" value=\"Subscribe\" \/><\/div>\n<\/div>\n<\/form>\n<\/div>\n<p><script type='text\/javascript' src='\/\/s3.amazonaws.com\/downloads.mailchimp.com\/js\/mc-validate.js'><\/script><script type='text\/javascript'>(function($) {window.fnames = new Array(); window.ftypes = new Array();fnames[0]='EMAIL';ftypes[0]='email';fnames[1]='FNAME';ftypes[1]='text';fnames[2]='LNAME';ftypes[2]='text';fnames[3]='MMERGE3';ftypes[3]='text';fnames[4]='MMERGE4';ftypes[4]='text';fnames[5]='MMERGE5';ftypes[5]='text';fnames[6]='MMERGE6';ftypes[6]='radio'; \/*\n * Translated default messages for the $ validation plugin.\n * Locale: FR\n *\/\n$.extend($.validator.messages, {\n        required: \"Ce champ est requis.\",\n        remote: \"Veuillez remplir ce champ pour continuer.\",\n        email: \"Veuillez entrer une adresse email valide.\",\n        url: \"Veuillez entrer une URL valide.\",\n        date: \"Veuillez entrer une date valide.\",\n        dateISO: \"Veuillez entrer une date valide (ISO).\",\n        number: \"Veuillez entrer un nombre valide.\",\n        digits: \"Veuillez entrer (seulement) une valeur num\u00e9rique.\",\n        creditcard: \"Veuillez entrer un num\u00e9ro de carte de cr\u00e9dit valide.\",\n        equalTo: \"Veuillez entrer une nouvelle fois la m\u00eame valeur.\",\n        accept: \"Veuillez entrer une valeur avec une extension valide.\",\n        maxlength: $.validator.format(\"Veuillez ne pas entrer plus de {0} caract\u00e8res.\"),\n        minlength: $.validator.format(\"Veuillez entrer au moins {0} caract\u00e8res.\"),\n        rangelength: $.validator.format(\"Veuillez entrer entre {0} et {1} caract\u00e8res.\"),\n        range: $.validator.format(\"Veuillez entrer une valeur entre {0} et {1}.\"),\n        max: $.validator.format(\"Veuillez entrer une valeur inf\u00e9rieure ou \u00e9gale \u00e0 {0}.\"),\n        min: $.validator.format(\"Veuillez entrer une valeur sup\u00e9rieure ou \u00e9gale \u00e0 {0}.\")\n});}(jQuery));var $mcj = jQuery.noConflict(true);<\/script><br \/>\n<!--End mc_embed_signup--><\/p>\n","protected":false},"excerpt":{"rendered":"<p>Le club est localis\u00e9 au 221 Lakeside Road in Knowlton, Qu\u00e9bec, J0E1V0 (Google Maps Link) Information g\u00e9n\u00e9ral info@clublacbrome.com (450) 243-5231 Directeur du club manager@clublacbrome.com Adresse Postale Club Nautique du Lac [&hellip;]<\/p>\n","protected":false},"author":1,"featured_media":0,"parent":0,"menu_order":0,"comment_status":"closed","ping_status":"closed","template":"","meta":{"footnotes":""},"class_list":["post-63","page","type-page","status-publish","hentry"],"_links":{"self":[{"href":"https:\/\/clublacbrome.com\/fr\/wp-json\/wp\/v2\/pages\/63","targetHints":{"allow":["GET"]}}],"collection":[{"href":"https:\/\/clublacbrome.com\/fr\/wp-json\/wp\/v2\/pages"}],"about":[{"href":"https:\/\/clublacbrome.com\/fr\/wp-json\/wp\/v2\/types\/page"}],"author":[{"embeddable":true,"href":"https:\/\/clublacbrome.com\/fr\/wp-json\/wp\/v2\/users\/1"}],"replies":[{"embeddable":true,"href":"https:\/\/clublacbrome.com\/fr\/wp-json\/wp\/v2\/comments?post=63"}],"version-history":[{"count":8,"href":"https:\/\/clublacbrome.com\/fr\/wp-json\/wp\/v2\/pages\/63\/revisions"}],"predecessor-version":[{"id":19704,"href":"https:\/\/clublacbrome.com\/fr\/wp-json\/wp\/v2\/pages\/63\/revisions\/19704"}],"wp:attachment":[{"href":"https:\/\/clublacbrome.com\/fr\/wp-json\/wp\/v2\/media?parent=63"}],"curies":[{"name":"wp","href":"https:\/\/api.w.org\/{rel}","templated":true}]}}