{"id":643,"date":"2013-02-26T15:38:32","date_gmt":"2013-02-26T20:38:32","guid":{"rendered":"https:\/\/clublacbrome.com\/?page_id=643"},"modified":"2025-11-11T11:14:57","modified_gmt":"2025-11-11T16:14:57","slug":"activitees-de-voile","status":"publish","type":"page","link":"https:\/\/clublacbrome.com\/fr\/activitees-de-voile\/","title":{"rendered":"Activit\u00e9s de voile"},"content":{"rendered":"<p><a href=\"https:\/\/clublacbrome.com\/wp-content\/uploads\/2013\/02\/IMG_5464_1.jpg\"><img decoding=\"async\" class=\"alignright size-medium wp-image-1440\" src=\"https:\/\/clublacbrome.com\/wp-content\/uploads\/2013\/02\/IMG_5464_1-400x266.jpg\" alt=\"IMG_5464_1\" width=\"400\" height=\"266\" srcset=\"https:\/\/clublacbrome.com\/wp-content\/uploads\/2013\/02\/IMG_5464_1-400x266.jpg 400w, https:\/\/clublacbrome.com\/wp-content\/uploads\/2013\/02\/IMG_5464_1-525x350.jpg 525w, https:\/\/clublacbrome.com\/wp-content\/uploads\/2013\/02\/IMG_5464_1-624x416.jpg 624w, https:\/\/clublacbrome.com\/wp-content\/uploads\/2013\/02\/IMG_5464_1.jpg 1024w\" sizes=\"(max-width: 400px) 100vw, 400px\" \/><\/a><\/p>\n<p class=\"p1\"><span class=\"s1\">Bienvenue au programme de voile du Club Nautique du Lac Brome. L\u2019ambiance amicale et familiale de notre club est un lieu propice pour l\u2019apprentissage de la voile. Notre but est d\u2019offrir des cours adapt\u00e9s pour les enfants, adolescents et adultes de tous les niveaux dans un encadrement amusant et s\u00e9curitaire, tel que d\u00e9crit dans notre guide de s\u00e9curit\u00e9 des activit\u00e9s nautiques.<span class=\"Apple-converted-space\">\u00a0 <\/span>Le personnel de l\u2019\u00e9cole de voile est choisi pour son expertise et enthousiasme. Nos instructeurs sont form\u00e9s et certifi\u00e9s par la F\u00e9d\u00e9ration de Voile du Qu\u00e9bec pour enseigner les niveaux VoileCan: I CAN Sail et VoileCAN de niveau 1 \u00e0 6.<\/span><\/p>\n<p class=\"p1\"><span class=\"s1\">Les camps de l\u2019\u00e9cole de voile du CNLB sont offerts aux membres et aux non-membres. Pour b\u00e9n\u00e9ficier du tarif de membre, le participant doit \u00eatre membre en r\u00e8gle au moment de son inscription \u00e0 une activit\u00e9.<\/span><\/p>\n<p class=\"p1\"><span class=\"s1\">Joignez vous \u00e0 nous pour la saison d&#8217;\u00e9t\u00e9.<span class=\"Apple-converted-space\">\u00a0\u00a0<\/span><strong>L\u2019apprentissage de la voile dure toute une vie!<\/strong><\/span><\/p>\n<div class='dropshadowboxes-container ' style='width:auto;'>\r\n                            <div class='dropshadowboxes-drop-shadow dropshadowboxes-rounded-corners dropshadowboxes-inside-and-outside-shadow dropshadowboxes-lifted-both dropshadowboxes-effect-default' style=' border: 1px solid #dddddd; height:; background-color:#ffffff;    '>\r\n                            <strong>Exigences g\u00e9n\u00e9ral du programme de voile<\/strong><\/p>\n<ul>\n<li>Nager 15 m\u00e8tres sans assistance<\/li>\n<li>Apporter votre propre veste de sauvetage ou VFI (v\u00eatement de flottaison individuelle), il doit \u00eatre de taille appropri\u00e9e pour votre enfant et approuv\u00e9 par Transport Canada. Vous pouvez vous procurer un VFI dans un magasin de sports et de plein air ou un d\u00e9taillant sp\u00e9cialis\u00e9 en produits nautiques (par exemple Canadian Tire, Mountain Equipment Coop ou Boathouse).<\/li>\n<li>V\u00eatements requis\u00a0 <img decoding=\"async\" class=\"alignright wp-image-735\" src=\"https:\/\/clublacbrome.com\/wp-content\/uploads\/2013\/03\/IMG_4279-25-400x266.jpg\" alt=\"IMG_4279-25\" width=\"260\" height=\"173\" srcset=\"https:\/\/clublacbrome.com\/wp-content\/uploads\/2013\/03\/IMG_4279-25-400x266.jpg 400w, https:\/\/clublacbrome.com\/wp-content\/uploads\/2013\/03\/IMG_4279-25-600x400.jpg 600w, https:\/\/clublacbrome.com\/wp-content\/uploads\/2013\/03\/IMG_4279-25-624x416.jpg 624w, https:\/\/clublacbrome.com\/wp-content\/uploads\/2013\/03\/IMG_4279-25.jpg 1024w\" sizes=\"(max-width: 260px) 100vw, 260px\" \/>\n<ul>\n<li>souliers ferm\u00e9s<\/li>\n<li>imperm\u00e9able<\/li>\n<li>chapeau, cr\u00e8me solaire et serviette<\/li>\n<li>ensemble de v\u00eatements de rechange complet<\/li>\n<li>wet suit (recommand\u00e9)<\/li>\n<li>lunettes soleil<\/li>\n<\/ul>\n<\/li>\n<li>Apporter une collation <strong>sans noix et arachides<\/strong> et une bouteille d\u2019eau r\u00e9utilisable<\/li>\n<\/ul>\n<p>\r\n                            <\/div>\r\n                        <\/div>\n<h3><strong>Programme de voile junior | Stages hebdomadaires\u00a0 <img decoding=\"async\" class=\"alignright size-medium wp-image-1060\" src=\"https:\/\/clublacbrome.com\/wp-content\/uploads\/2013\/03\/IMG_0762-400x220.jpg\" alt=\"IMG_0762.jpg\" width=\"400\" height=\"220\" srcset=\"https:\/\/clublacbrome.com\/wp-content\/uploads\/2013\/03\/IMG_0762-400x220.jpg 400w, https:\/\/clublacbrome.com\/wp-content\/uploads\/2013\/03\/IMG_0762-1024x563.jpg 1024w, https:\/\/clublacbrome.com\/wp-content\/uploads\/2013\/03\/IMG_0762-525x288.jpg 525w, https:\/\/clublacbrome.com\/wp-content\/uploads\/2013\/03\/IMG_0762-624x343.jpg 624w, https:\/\/clublacbrome.com\/wp-content\/uploads\/2013\/03\/IMG_0762.jpg 1600w\" sizes=\"(max-width: 400px) 100vw, 400px\" \/><br \/>\n<\/strong><\/h3>\n<p>Le CNLB offre un Programme de Voile Junior, pour nos membres et non-membres, destin\u00e9 aux enfants et adolescents de tous niveaux et habilet\u00e9s. Nous visons \u00e0 former des marins responsables et autonomes. Pour plus de d\u00e9tails, svp r\u00e9f\u00e9rez \u00e0 la page <a href=\"https:\/\/clublacbrome.com\/fr\/camp-de-voile\/\">camp de voile<\/a>.\u00a0Veuillez que les frais de camp sont admissibles en tant que frais de garde pour l&#8217;imp\u00f4t des particuliers.\u00a0Les relev\u00e9s appropri\u00e9s sont \u00e9mis.\u00a0Tout participants doivent\u00a0<span class=\"s1\">\u00eatre<\/span> membre de la\u00a0F\u00e9d\u00e9ration de Voile du Qu\u00e9bec.<\/p>\n<h3><strong>Programme de course junior<\/strong><\/h3>\n<p>La comp\u00e9tition est une fa\u00e7on sociale et excitante de d\u00e9velopper vos habilet\u00e9s de voile. Le Programme de Course Junior permettra aux jeunes ayant le go\u00fbt de l\u2019autonomie, de l\u2019entraide et du d\u00e9passement de soi d\u2019apprendre le perfectionnement des manoeuvres techniques ainsi que tous les aspects de la r\u00e9gate : les d\u00e9parts, le passage de bou\u00e9es, les r\u00e8gles de courses, la tactique et la strat\u00e9gie. Aucune exp\u00e9rience de course n\u2019est requise. Les seuls pr\u00e9-requis sont l\u2019amour de l\u2019eau et le d\u00e9sir d\u2019apprendre de nouvelles habilet\u00e9s. Les athl\u00e8tes pourront participer \u00e0 des r\u00e9gates locales, r\u00e9gionales et nationales.<\/p>\n<p>Pour plus de d\u00e9tails, pri\u00e8re de vous r\u00e9f\u00e9rez \u00e0 la page <a href=\"https:\/\/clublacbrome.com\/fr\/camp-de-voile\/\">camp de voile.<\/a>\u00a0Veuillez que les frais de camp sont admissibles en tant que frais de garde pour l&#8217;imp\u00f4t des particuliers.\u00a0Les relev\u00e9s appropri\u00e9s sont \u00e9mis.\u00a0Tout participants doivent\u00a0<span class=\"s1\">\u00eatre<\/span> membre de la\u00a0F\u00e9d\u00e9ration de Voile du Qu\u00e9bec.<\/p>\n<h3><strong>Programmes de voile adulte<\/strong><\/h3>\n<p><img decoding=\"async\" class=\"alignright size-medium wp-image-556\" src=\"https:\/\/clublacbrome.com\/wp-content\/uploads\/2013\/02\/IMG_0794-400x300.jpg\" alt=\"IMG_0794\" width=\"400\" height=\"300\" srcset=\"https:\/\/clublacbrome.com\/wp-content\/uploads\/2013\/02\/IMG_0794-400x300.jpg 400w, https:\/\/clublacbrome.com\/wp-content\/uploads\/2013\/02\/IMG_0794-624x468.jpg 624w, https:\/\/clublacbrome.com\/wp-content\/uploads\/2013\/02\/IMG_0794.jpg 1024w\" sizes=\"(max-width: 400px) 100vw, 400px\" \/><\/p>\n<p>Le stage de Voile Adulte est offert aux participants qui d\u00e9sirent apprendre les rudiments de la voile sur d\u00e9riveur ainsi que ceux qui d\u00e9sirent approfondir leurs connaissances et habilet\u00e9s. Nos instructeurs sauront vous enseigner les habilet\u00e9s n\u00e9cessaires au d\u00e9veloppement de votre confiance et autonomie sur un voilier. Chaque participant apprend \u00e0 son rythme et en fonction de son niveau. Quelque soit votre objectif, vous initiez ou formalisez votre exp\u00e9rience de voile, ce cours est pour vous! Les cours de groupe peuvent accueillir un maximum de huit participants.<\/p>\n<p>Les inscriptions pour les cours seront disponible plus proche \u00e0 notre saison. Tout participants doivent <span class=\"s1\">\u00eatre<\/span> membre de la\u00a0F\u00e9d\u00e9ration de Voile du Qu\u00e9bec.<\/p>\n<h3><strong>Le\u00e7ons de voile priv\u00e9es<\/strong><\/h3>\n<p>Des le\u00e7ons priv\u00e9es sont disponibles pour rencontrer vos besoins. Les inscriptions pour les le\u00e7ons priv\u00e9es seront disponible plus proche \u00e0 notre saison depuis notre syst\u00e8me d&#8217;inscription en ligne.<\/p>\n<h3>Camp de voile des filles<\/h3>\n<p><span style=\"font-weight: 400;\">Le Club Nautique du Lac Brome est fier d&#8217;offrir en 2024 la premi\u00e8re \u00e9dition du <\/span><b>Camp de voile 100% F\u00e9minin<\/b><span style=\"font-weight: 400;\">! Le camp <\/span><span style=\"font-weight: 400;\">est destin\u00e9 aux navigatrices en herbes qui sont admissibles \u00e0 la division f\u00e9minine de voile*, \u00e2g\u00e9es de 8 \u00e0 13 ans.\u00a0<\/span><\/p>\n<p><span style=\"font-weight: 400;\">Ce camp est ouvert \u00e0 toutes les habilet\u00e9s, de d\u00e9butant \u00e0 avanc\u00e9, <\/span><span style=\"font-weight: 400;\">sans p<\/span><span style=\"font-weight: 400;\">r\u00e9-requis n\u00e9cessaire. <\/span><span style=\"font-weight: 400;\">Notre objectif est d\u2019inspirer les filles \u00e0 pratiquer le sport de la voile, de s\u2019amuser et de cr\u00e9er des amiti\u00e9s. <\/span><span style=\"font-weight: 400;\">Si tu as 14 ans et plus et que le voile t&#8217;int\u00e9resse, \u00e9cris-nous \u00e0 <a href=\"mailto:manager@clublacbrome.com\">manager@clublacbrome.com<\/a>! Nous avons s\u00fbrement une place ou un r\u00f4le pour toi.<\/span><\/p>\n<p><span style=\"font-weight: 400;\">Le projet <\/span><b>Voile au F\u00e9minin<\/b><span style=\"font-weight: 400;\"> est fond\u00e9 sur la conviction que la voile est une v\u00e9ritable source de lib\u00e9ration, de joie et d&#8217;\u00e9panouissement personnel. Le sentiment de libert\u00e9, la glisse et la navigation sur les vagues sont autant de sensations uniques qu&#8217;offre la voile. En promouvant activement l&#8217;inclusion et en offrant des opportunit\u00e9s \u00e9quitables d&#8217;acc\u00e8s \u00e0 la voile, nous aspirons \u00e0 cr\u00e9er une communaut\u00e9 de voile diversifi\u00e9e, dynamique et v\u00e9ritablement repr\u00e9sentative de la population qu\u00e9b\u00e9coise.<\/span><\/p>\n<p><span style=\"font-weight: 400;\">La Voile au F\u00e9minin est une initiative du CNLB. Ce projet est rendu possible gr\u00e2ce aux subventions de Voile Canada, Qu\u00e9bec Sport, \u00c9gale Action et la F\u00e9d\u00e9ration de voile du Qu\u00e9bec. Jetez un coup d&#8217;\u0153il \u00e0 l&#8217;article \u00e9crit \u00e0 propos de cette initiative sur <\/span><a href=\"https:\/\/clublacbrome.us6.list-manage.com\/track\/click?u=5f789b4f621bc9729498adb04&amp;id=f8b30dd497&amp;e=385cc807d2\"><span style=\"font-weight: 400;\">le blogue d&#8217;\u00c9gale Action.<\/span><\/a><\/p>\n<p>&nbsp;<\/p>\n<p style=\"text-align: center;\"><b>Voile au f\u00e9minin <\/b><b>Camp de voile &#8211; 100% F\u00e9minin (bilingue)<\/b><b><br \/>\n<\/b><b>Lieu : <\/b><span style=\"font-weight: 400;\">Club Nautique du Lac Brome, <\/span><span style=\"font-weight: 400;\">221 Rue Lakeside, Ville Lac-Brome (QC) J0E 1V0<\/span><b><br \/>\n<\/b><b>Date : <\/b>Les dates du camp seront annonc\u00e9es au courant de la nouvelle ann\u00e9e.<span style=\"font-weight: 400;\"><br \/>\n<\/span><b>Information: <\/b><a href=\"mailto:manager@clublacbrome.com\"><span style=\"font-weight: 400;\">manager@clublacbrome.com<\/span><\/a><span style=\"font-weight: 400;\"> \/<\/span><span style=\"font-weight: 400;\"> t\u00e9l. : (450) 243-5231<\/span><\/p>\n<p style=\"text-align: left;\"><i><span style=\"font-weight: 400;\">*Remarque : les personnes cis, trans et non-binaires sont toutes les bienvenues. L&#8217;objectif de ce programme est de favoriser la participation des minorit\u00e9s de genre \u00e0 la voile !<\/span><\/i><\/p>\n","protected":false},"excerpt":{"rendered":"<p>Bienvenue au programme de voile du Club Nautique du Lac Brome. L\u2019ambiance amicale et familiale de notre club est un lieu propice pour l\u2019apprentissage de la voile. Notre but est [&hellip;]<\/p>\n","protected":false},"author":4,"featured_media":0,"parent":0,"menu_order":0,"comment_status":"closed","ping_status":"closed","template":"","meta":{"footnotes":""},"class_list":["post-643","page","type-page","status-publish","hentry"],"_links":{"self":[{"href":"https:\/\/clublacbrome.com\/fr\/wp-json\/wp\/v2\/pages\/643","targetHints":{"allow":["GET"]}}],"collection":[{"href":"https:\/\/clublacbrome.com\/fr\/wp-json\/wp\/v2\/pages"}],"about":[{"href":"https:\/\/clublacbrome.com\/fr\/wp-json\/wp\/v2\/types\/page"}],"author":[{"embeddable":true,"href":"https:\/\/clublacbrome.com\/fr\/wp-json\/wp\/v2\/users\/4"}],"replies":[{"embeddable":true,"href":"https:\/\/clublacbrome.com\/fr\/wp-json\/wp\/v2\/comments?post=643"}],"version-history":[{"count":8,"href":"https:\/\/clublacbrome.com\/fr\/wp-json\/wp\/v2\/pages\/643\/revisions"}],"predecessor-version":[{"id":20203,"href":"https:\/\/clublacbrome.com\/fr\/wp-json\/wp\/v2\/pages\/643\/revisions\/20203"}],"wp:attachment":[{"href":"https:\/\/clublacbrome.com\/fr\/wp-json\/wp\/v2\/media?parent=643"}],"curies":[{"name":"wp","href":"https:\/\/api.w.org\/{rel}","templated":true}]}}