{"id":67,"date":"2013-02-18T13:40:05","date_gmt":"2013-02-18T18:40:05","guid":{"rendered":"https:\/\/clublacbrome.com\/?page_id=67"},"modified":"2021-03-06T07:43:46","modified_gmt":"2021-03-06T12:43:46","slug":"bref-historique-du-club","status":"publish","type":"page","link":"https:\/\/clublacbrome.com\/fr\/bref-historique-du-club\/","title":{"rendered":"Bref historique du Club"},"content":{"rendered":"<p><a href=\"https:\/\/clublacbrome.com\/wp-content\/uploads\/2013\/02\/Boat-Club-4.jpg\"><img decoding=\"async\" class=\"alignright wp-image-1074\" src=\"https:\/\/clublacbrome.com\/wp-content\/uploads\/2013\/02\/Boat-Club-4-400x241.jpg\" alt=\"Boat Club 4\" width=\"400\" height=\"241\" srcset=\"https:\/\/clublacbrome.com\/wp-content\/uploads\/2013\/02\/Boat-Club-4-400x241.jpg 400w, https:\/\/clublacbrome.com\/wp-content\/uploads\/2013\/02\/Boat-Club-4-525x317.jpg 525w, https:\/\/clublacbrome.com\/wp-content\/uploads\/2013\/02\/Boat-Club-4-624x377.jpg 624w, https:\/\/clublacbrome.com\/wp-content\/uploads\/2013\/02\/Boat-Club-4.jpg 640w\" sizes=\"(max-width: 400px) 100vw, 400px\" \/><\/a>Fond\u00e9 en 1901, le Club nautique du lac Brome est le deuxi\u00e8me\u00a0plus ancien club sportif encore actif en Estrie. Son premier pr\u00e9sident \u00e9tait W.W. Lynch.\u00a0Le mandat original de 1901 stipule qu&#8217;une \u00abassociation ou club doit \u00eatre\u00a0form\u00e9e dans l&#8217;optique de r\u00e9cr\u00e9ation, d&#8217;\u00e9ducation et d&#8217;amusement, tel que la\u00a0rame, la pagaie, la voile et les courses de petites embarcations, et ce pour\u00a0la r\u00e9cr\u00e9ation, l&#8217;\u00e9ducation et l&#8217;amusement mutuel des membres de\u00a0l&#8217;association sous l&#8217;appellation Club Nautique du Lac Brome.\u00bb<\/p>\n<p><span style=\"line-height: 1.714285714; font-size: 1rem;\">Le gouvernement du Qu\u00e9bec lui accordait en 1902 une charte provinciale. En 1903, le Club achetait, de Christopher Dunkin Bancroft et de Samuel U. Courtney, une propri\u00e9t\u00e9 mesurant 150 pieds sur la rive du lac et s\u2019\u00e9tendant jusqu\u2019\u00e0 la voie de la South Eastern Railway.\u00a0<\/span><span style=\"line-height: 1.714285714; font-size: 1rem;\">Le terrain re\u00e7ut divers ajouts : lots l\u00e9gu\u00e9s par Charles Foster Bancroft (1924 et 1932) ; lot achet\u00e9 de Florence Pettes Thomton et Isabelle Mitchell Call (1946) ; lot achet\u00e9 de John Lewis O\u2019Brien (1979). Ailleurs, on n\u00e9gocia des baux : en 1939 avec la succession de James McKeown ; en 1925 et 1948 avec le Canadien Pacifique. Par un bail pass\u00e9 en 1931 et modifi\u00e9 en 1989, on loua du gouvernement du Qu\u00e9bec la rive et la plage jouxtant la propri\u00e9t\u00e9.<\/span><\/p>\n<p>En 1931, selon la Premi\u00e8re Partie de la Loi sur les compagnies du Qu\u00e9bec, on cr\u00e9a une nouvelle soci\u00e9t\u00e9 par actions pour exploiter un club de canotage, voile, p\u00eache et athl\u00e9tisme : The Brome Lake Boating Club Inc. En 1932, cette soci\u00e9t\u00e9 acquit pour 1$ les biens du Club.<\/p>\n<p>En 1991, selon la Troisi\u00e8me Partie de la m\u00eame Loi sur les compagnies, on forma une nouvelle soci\u00e9t\u00e9 sans but lucratif : le Club nautique du lac Brome (I991) Inc. Depuis lors, cette soci\u00e9t\u00e9 loue les biens de celle de 1931 et exploite le Club. Aujourd\u2019hui, ces deux compagnies, avec leur comit\u00e9 directeur respectif, dirigent ensemble le Club.<\/p>\n<p><a href=\"https:\/\/clublacbrome.com\/wp-content\/uploads\/2013\/02\/Boat-Club-2.jpg\"><img decoding=\"async\" class=\"alignright size-medium wp-image-235\" src=\"https:\/\/clublacbrome.com\/wp-content\/uploads\/2013\/02\/Boat-Club-2-300x158.jpg\" alt=\"Boat-Club-2.jpg\" width=\"300\" height=\"158\" srcset=\"https:\/\/clublacbrome.com\/wp-content\/uploads\/2013\/02\/Boat-Club-2-300x158.jpg 300w, https:\/\/clublacbrome.com\/wp-content\/uploads\/2013\/02\/Boat-Club-2-1024x540.jpg 1024w, https:\/\/clublacbrome.com\/wp-content\/uploads\/2013\/02\/Boat-Club-2-624x329.jpg 624w, https:\/\/clublacbrome.com\/wp-content\/uploads\/2013\/02\/Boat-Club-2.jpg 1909w\" sizes=\"(max-width: 300px) 100vw, 300px\" \/><\/a>En 1957, les \u00e9difices actuels du Club remplac\u00e8rent l\u2019\u00e9difice original. Connue dans la r\u00e9gion sous le simple nom du Club nautique, la soci\u00e9t\u00e9 vise un double objectif : offrir aux enfants, aux adolescents et aux jeunes l\u2019apprentissage et la pratique de sports d\u2019\u00e9t\u00e9 ; offrir \u00e0 ses membres adultes et \u00e0 leurs invit\u00e9s diverses activit\u00e9s r\u00e9cr\u00e9atives et sportives &#8211; tennis, voile, natation et canotage.<\/p>\n<p>Depuis ses d\u00e9buts, le Club organise des &#8220;R\u00e9gates&#8221; annuelles, avec comp\u00e9titions en diverses disciplines ; y d\u00e9cerne des m\u00e9dailles et des troph\u00e9es pour la natation et le canotage, dans chaque cat\u00e9gorie d\u2019\u00e2ge. D\u00e8s 1925, le Club louait, du Canadien Pacifique, un terrain pour am\u00e9nager un court de tennis ; et la tradition des courses hebdomadaires \u00e0 voile remonte aux ann\u00e9es 1920. A l\u2019origine, les R\u00e9gates annuelles \u00e9taient ouvertes \u00e0 tous, membres ou non du Club. Vers 1926, le s\u00e9nateur George Green Foster fit don du premier troph\u00e9e, d\u00e9cern\u00e9 pour I\u2019ensemble des comp\u00e9titions des R\u00e9gates. Il stipula que quiconque gagnerait le troph\u00e9e pendant trois ann\u00e9es cons\u00e9cutives pourrait le conserver. Puis, la chose s\u2019\u00e9tant produite deux fois, il donna, en 1939, un troph\u00e9e perp\u00e9tuel.<\/p>\n<p>Le Club s\u2019est vu confier d\u2019autres troph\u00e9es perp\u00e9tuels ; en 1928, la Coupe Fisher pour la voile ; en 1931, la Coupe G.B. Foster pour les R\u00e9gates (natation, canotage, aviron et autres courses pour enfants) ; en 1948, le troph\u00e9e Bobbie Bell pour le tennis. Quant au troph\u00e9e Norman Strachan, cr\u00e9e en 1933 pour r\u00e9compenser un jeune membre remarquable par sa popularit\u00e9, sa performance physique et son esprit sportif, il n\u2019est attribu\u00e9 que si l\u2019on trouve un candidat vraiment m\u00e9ritant ; souvent, on le d\u00e9cerne simultan\u00e9ment \u00e0 un gar\u00e7on et \u00e0 une fille. Les noms de tous les gagnants des troph\u00e9es sont grav\u00e9s sur le troph\u00e9e lui-m\u00eame et sont inscrits sur les murs du Pavillon.<\/p>\n<p>Chaque ann\u00e9e, enfin, on organise pour les enfants divers concours de natation, de voile et de tennis avec les clubs des environs : \u00e0 North Hatley, \u00e0 l\u2019Hermitage, \u00e0 la baie Sargent, etc.<\/p>\n<p>Les affaires du Club ont toujours \u00e9t\u00e9 confi\u00e9es \u00e0 des directeurs et administrateurs b\u00e9n\u00e9voles. Les noms des anciens pr\u00e9sidents sont inscrits sur les murs du Club. Depuis longtemps, le Club confie \u00e0 des employ\u00e9s r\u00e9mun\u00e9r\u00e9s la gestion de ses activit\u00e9s estivales. Plusieurs enfants des membres ont ainsi exerc\u00e9, au Club, leur premier emploi d\u2019\u00e9t\u00e9 ; certains y sont revenus, parfois \u00e0 titre de directeurs du Club.<\/p>\n<p>En 1998, le Club a publi\u00e9 un recueil de souvenirs du CNLB intitul\u00e9 \u00ab Painting the Leaves Green \u00bb. On peut se le procurer en s\u2019adressant au directeur.<\/p>\n","protected":false},"excerpt":{"rendered":"<p>Fond\u00e9 en 1901, le Club nautique du lac Brome est le deuxi\u00e8me\u00a0plus ancien club sportif encore actif en Estrie. Son premier pr\u00e9sident \u00e9tait W.W. Lynch.\u00a0Le mandat original de 1901 stipule [&hellip;]<\/p>\n","protected":false},"author":1,"featured_media":0,"parent":0,"menu_order":0,"comment_status":"closed","ping_status":"closed","template":"","meta":{"footnotes":""},"class_list":["post-67","page","type-page","status-publish","hentry"],"_links":{"self":[{"href":"https:\/\/clublacbrome.com\/fr\/wp-json\/wp\/v2\/pages\/67","targetHints":{"allow":["GET"]}}],"collection":[{"href":"https:\/\/clublacbrome.com\/fr\/wp-json\/wp\/v2\/pages"}],"about":[{"href":"https:\/\/clublacbrome.com\/fr\/wp-json\/wp\/v2\/types\/page"}],"author":[{"embeddable":true,"href":"https:\/\/clublacbrome.com\/fr\/wp-json\/wp\/v2\/users\/1"}],"replies":[{"embeddable":true,"href":"https:\/\/clublacbrome.com\/fr\/wp-json\/wp\/v2\/comments?post=67"}],"version-history":[{"count":2,"href":"https:\/\/clublacbrome.com\/fr\/wp-json\/wp\/v2\/pages\/67\/revisions"}],"predecessor-version":[{"id":16446,"href":"https:\/\/clublacbrome.com\/fr\/wp-json\/wp\/v2\/pages\/67\/revisions\/16446"}],"wp:attachment":[{"href":"https:\/\/clublacbrome.com\/fr\/wp-json\/wp\/v2\/media?parent=67"}],"curies":[{"name":"wp","href":"https:\/\/api.w.org\/{rel}","templated":true}]}}