{"id":679,"date":"2013-02-26T15:05:29","date_gmt":"2013-02-26T20:05:29","guid":{"rendered":"https:\/\/clublacbrome.com\/?page_id=679"},"modified":"2026-03-13T14:56:44","modified_gmt":"2026-03-13T18:56:44","slug":"camps-de-tennis","status":"publish","type":"page","link":"https:\/\/clublacbrome.com\/fr\/camps-de-tennis\/","title":{"rendered":"Camp de tennis"},"content":{"rendered":"<p><img decoding=\"async\" class=\"wp-image-18155 size-medium alignright\" src=\"https:\/\/clublacbrome.com\/wp-content\/uploads\/2022\/06\/Tennis_1-1-400x300.jpg\" alt=\"\" width=\"400\" height=\"300\" srcset=\"https:\/\/clublacbrome.com\/wp-content\/uploads\/2022\/06\/Tennis_1-1-400x300.jpg 400w, https:\/\/clublacbrome.com\/wp-content\/uploads\/2022\/06\/Tennis_1-1-1030x773.jpg 1030w, https:\/\/clublacbrome.com\/wp-content\/uploads\/2022\/06\/Tennis_1-1-768x576.jpg 768w, https:\/\/clublacbrome.com\/wp-content\/uploads\/2022\/06\/Tennis_1-1-525x394.jpg 525w, https:\/\/clublacbrome.com\/wp-content\/uploads\/2022\/06\/Tennis_1-1-705x529.jpg 705w, https:\/\/clublacbrome.com\/wp-content\/uploads\/2022\/06\/Tennis_1-1.jpg 1280w\" sizes=\"(max-width: 400px) 100vw, 400px\" \/>Le Club Nautique du Lac Brome pourrait offrir une semaine de camp de tennis \u00e0 la fin de l\u2019\u00e9t\u00e9, selon l\u2019int\u00e9r\u00eat des participants. Si nous recevons un nombre suffisant de demandes, le camp pourrait avoir lieu durant la semaine du 17 au 21 ao\u00fbt.<\/p>\n<p>Les camps de tennis sont habituellement offerts pour les\u00a0enfants de 7 \u00e0 10 ans de 9 h \u00e0 12 h\u00a0et pour les\u00a0jeunes de 11 \u00e0 14 ans de 13 h \u00e0 16 h. Les participants du groupe des plus jeunes qui d\u00e9montrent un niveau de jeu avanc\u00e9 pourraient \u00eatre invit\u00e9s \u00e0 rejoindre le groupe des\u00a011 \u00e0 14 ans.<\/p>\n<p>Moyennant des frais suppl\u00e9mentaires, les participants peuvent \u00e9galement s\u2019inscrire \u00e0\u00a0une demi-journ\u00e9e additionnelle d\u2019activit\u00e9s de camp g\u00e9n\u00e9ral<br \/>\n(\u00e2ges\u00a07\u201310 ans : 12 h \u00e0 16 h\u00a0et \u00e2ges\u00a011\u201314 ans : 9 h \u00e0 13 h).<\/p>\n<p>Les chaussures de tennis adapt\u00e9es aux terrains en terre battue ainsi qu\u2019une tenue appropri\u00e9e sont obligatoires.<\/p>\n<p>Veuillez nous contacter si vous \u00eates int\u00e9ress\u00e9 \u00e0 inscrire votre enfant au camp de tennis.\u00a0Les inscriptions ouvriront uniquement si nous atteignons\u00a0le nombre minimum de participants requis pour offrir le programme.<\/p>\n<p>info@clublacbrome.com<\/p>\n","protected":false},"excerpt":{"rendered":"<p>Le Club Nautique du Lac Brome pourrait offrir une semaine de camp de tennis \u00e0 la fin de l\u2019\u00e9t\u00e9, selon l\u2019int\u00e9r\u00eat des participants. Si nous recevons un nombre suffisant de [&hellip;]<\/p>\n","protected":false},"author":4,"featured_media":0,"parent":0,"menu_order":0,"comment_status":"closed","ping_status":"closed","template":"","meta":{"footnotes":""},"class_list":["post-679","page","type-page","status-publish","hentry"],"_links":{"self":[{"href":"https:\/\/clublacbrome.com\/fr\/wp-json\/wp\/v2\/pages\/679","targetHints":{"allow":["GET"]}}],"collection":[{"href":"https:\/\/clublacbrome.com\/fr\/wp-json\/wp\/v2\/pages"}],"about":[{"href":"https:\/\/clublacbrome.com\/fr\/wp-json\/wp\/v2\/types\/page"}],"author":[{"embeddable":true,"href":"https:\/\/clublacbrome.com\/fr\/wp-json\/wp\/v2\/users\/4"}],"replies":[{"embeddable":true,"href":"https:\/\/clublacbrome.com\/fr\/wp-json\/wp\/v2\/comments?post=679"}],"version-history":[{"count":8,"href":"https:\/\/clublacbrome.com\/fr\/wp-json\/wp\/v2\/pages\/679\/revisions"}],"predecessor-version":[{"id":20267,"href":"https:\/\/clublacbrome.com\/fr\/wp-json\/wp\/v2\/pages\/679\/revisions\/20267"}],"wp:attachment":[{"href":"https:\/\/clublacbrome.com\/fr\/wp-json\/wp\/v2\/media?parent=679"}],"curies":[{"name":"wp","href":"https:\/\/api.w.org\/{rel}","templated":true}]}}