{"id":9338,"date":"2017-03-24T18:43:35","date_gmt":"2017-03-24T22:43:35","guid":{"rendered":"https:\/\/clublacbrome.com\/?page_id=9338\/"},"modified":"2025-03-25T16:45:42","modified_gmt":"2025-03-25T20:45:42","slug":"programme-cit","status":"publish","type":"page","link":"https:\/\/clublacbrome.com\/fr\/programme-cit\/","title":{"rendered":"Programme CIT &#8211; Moniteur en formation"},"content":{"rendered":"<p>Trop vieux pour \u00eatre un campeur, mais pas assez vieux pour \u00eatre un moniteur?\u00a0 Notre programme de moniteur en formation CIT est pour toi!\u00a0 \u00a0Tu pourras apprendre les notions de base pour devenir moniteur tout en ayant du plaisir et d\u00e9velopper d&#8217;importantes comp\u00e9tences d&#8217;employ\u00e9. Le but du programme est de former des adolescents avec les outils et les comp\u00e9tences n\u00e9cessaires pour qu&#8217;ils deviennent des moniteurs qualifi\u00e9s dans le futur.<\/p>\n<p>Les CIT (de 14 ou 15 ans au 30 septembre) aident \u00e0 la supervision des campeurs et doivent s&#8217;inscrire pour un minimum de 2 semaines\u00a0 pour des cessions d&#8217;entra\u00eenement de jours complets.\u00a0\u00a0Les CITs sont form\u00e9s par des moniteurs de camp exp\u00e9riment\u00e9s.<\/p>\n<p>Les heures d\u00e9di\u00e9es au programme CIT peuvent se qualifi\u00e9es en tant b\u00e9n\u00e9volat pour la reconnaissance au secondaire.<\/p>\n<p><strong>Les Exigences du Programme de Moniteur en Formation<\/strong><\/p>\n<ul>\n<li>La maturit\u00e9, le sens de la responsabilit\u00e9 et l&#8217;enthousiasme sont des exigences de premier ordre pour les candidats au programme. Les CITs doivent se conformer aux r\u00e8glements du code de conduite du club en tous temps.<\/li>\n<li>Les CITs doivent \u00eatre \u00e2g\u00e9s de 14 ou 15 ans avant le 30 septembre.<\/li>\n<\/ul>\n<p>Pour les inscriptions aux camps:<\/p>\n<span class='mb-center maxbutton-3-center'><span class='maxbutton-3-container mb-container'><a class=\"maxbutton-3 maxbutton maxbutton-camp-du-jour-inscriptions\" href=\"https:\/\/clublacbrome.com\/fr\/inscription-au-camp\/\"><span class=\"mb-icon\"><img decoding=\"async\" class=\"mb-img\" src=\"https:\/\/clublacbrome.com\/wp-content\/plugins\/maxbuttons-pro\/packs\/monochrome-call-to-action\/order.png\" alt=\"\" border=\"0\" \/><\/span><span class='mb-text' >Inscription au camp<\/span><\/a><\/span><\/span>\n","protected":false},"excerpt":{"rendered":"<p>Trop vieux pour \u00eatre un campeur, mais pas assez vieux pour \u00eatre un moniteur?\u00a0 Notre programme de moniteur en formation CIT est pour toi!\u00a0 \u00a0Tu pourras apprendre les notions de [&hellip;]<\/p>\n","protected":false},"author":4,"featured_media":0,"parent":0,"menu_order":0,"comment_status":"closed","ping_status":"closed","template":"","meta":{"footnotes":""},"class_list":["post-9338","page","type-page","status-publish","hentry"],"_links":{"self":[{"href":"https:\/\/clublacbrome.com\/fr\/wp-json\/wp\/v2\/pages\/9338","targetHints":{"allow":["GET"]}}],"collection":[{"href":"https:\/\/clublacbrome.com\/fr\/wp-json\/wp\/v2\/pages"}],"about":[{"href":"https:\/\/clublacbrome.com\/fr\/wp-json\/wp\/v2\/types\/page"}],"author":[{"embeddable":true,"href":"https:\/\/clublacbrome.com\/fr\/wp-json\/wp\/v2\/users\/4"}],"replies":[{"embeddable":true,"href":"https:\/\/clublacbrome.com\/fr\/wp-json\/wp\/v2\/comments?post=9338"}],"version-history":[{"count":8,"href":"https:\/\/clublacbrome.com\/fr\/wp-json\/wp\/v2\/pages\/9338\/revisions"}],"predecessor-version":[{"id":20044,"href":"https:\/\/clublacbrome.com\/fr\/wp-json\/wp\/v2\/pages\/9338\/revisions\/20044"}],"wp:attachment":[{"href":"https:\/\/clublacbrome.com\/fr\/wp-json\/wp\/v2\/media?parent=9338"}],"curies":[{"name":"wp","href":"https:\/\/api.w.org\/{rel}","templated":true}]}}